{"id":1118,"date":"2023-03-05T11:02:43","date_gmt":"2023-03-05T14:02:43","guid":{"rendered":"https:\/\/www.turbo-service.com.ar\/?page_id=1118"},"modified":"2023-03-18T18:23:53","modified_gmt":"2023-03-18T21:23:53","slug":"diagnostico-de-transmisiones","status":"publish","type":"page","link":"https:\/\/www.turbo-service.com.ar\/?page_id=1118","title":{"rendered":"Reparaci\u00f3n de transmisiones &#8211; ES"},"content":{"rendered":"\t\t<div data-elementor-type=\"wp-page\" data-elementor-id=\"1118\" class=\"elementor elementor-1118\">\n\t\t\t\t\t\t<section class=\"elementor-section elementor-top-section elementor-element elementor-element-362f8085 elementor-section-full_width elementor-section-content-top elementor-section-stretched elementor-section-height-default elementor-section-height-default\" data-id=\"362f8085\" data-element_type=\"section\" data-e-type=\"section\" data-settings=\"{&quot;background_background&quot;:&quot;classic&quot;,&quot;shape_divider_bottom&quot;:&quot;mountains&quot;,&quot;stretch_section&quot;:&quot;section-stretched&quot;}\">\n\t\t\t\t\t\t\t<div class=\"elementor-background-overlay\"><\/div>\n\t\t\t\t\t\t<div class=\"elementor-shape elementor-shape-bottom\" aria-hidden=\"true\" data-negative=\"false\">\n\t\t\t<svg xmlns=\"http:\/\/www.w3.org\/2000\/svg\" viewBox=\"0 0 1000 100\" preserveAspectRatio=\"none\">\n\t<path class=\"elementor-shape-fill\" opacity=\"0.33\" d=\"M473,67.3c-203.9,88.3-263.1-34-320.3,0C66,119.1,0,59.7,0,59.7V0h1000v59.7 c0,0-62.1,26.1-94.9,29.3c-32.8,3.3-62.8-12.3-75.8-22.1C806,49.6,745.3,8.7,694.9,4.7S492.4,59,473,67.3z\"\/>\n\t<path class=\"elementor-shape-fill\" opacity=\"0.66\" d=\"M734,67.3c-45.5,0-77.2-23.2-129.1-39.1c-28.6-8.7-150.3-10.1-254,39.1 s-91.7-34.4-149.2,0C115.7,118.3,0,39.8,0,39.8V0h1000v36.5c0,0-28.2-18.5-92.1-18.5C810.2,18.1,775.7,67.3,734,67.3z\"\/>\n\t<path class=\"elementor-shape-fill\" d=\"M766.1,28.9c-200-57.5-266,65.5-395.1,19.5C242,1.8,242,5.4,184.8,20.6C128,35.8,132.3,44.9,89.9,52.5C28.6,63.7,0,0,0,0 h1000c0,0-9.9,40.9-83.6,48.1S829.6,47,766.1,28.9z\"\/>\n<\/svg>\t\t<\/div>\n\t\t\t\t\t<div class=\"elementor-container elementor-column-gap-default\">\n\t\t\t\t\t<div class=\"aux-parallax-section elementor-column elementor-col-100 elementor-top-column elementor-element elementor-element-79dfb23c\" data-id=\"79dfb23c\" data-element_type=\"column\" data-e-type=\"column\">\n\t\t\t<div class=\"elementor-widget-wrap elementor-element-populated\">\n\t\t\t\t\t\t<div class=\"elementor-element elementor-element-31e284cf elementor-widget elementor-widget-heading\" data-id=\"31e284cf\" data-element_type=\"widget\" data-e-type=\"widget\" data-widget_type=\"heading.default\">\n\t\t\t\t<div class=\"elementor-widget-container\">\n\t\t\t\t\t<h3 class=\"elementor-heading-title elementor-size-default\">Reparaci\u00f3n y mantenimiento preventivo de transmisiones<\/h3>\t\t\t\t<\/div>\n\t\t\t\t<\/div>\n\t\t\t\t\t<\/div>\n\t\t<\/div>\n\t\t\t\t\t<\/div>\n\t\t<\/section>\n\t\t\t\t<section class=\"elementor-section elementor-top-section elementor-element elementor-element-947a03a elementor-section-boxed elementor-section-height-default elementor-section-height-default\" data-id=\"947a03a\" data-element_type=\"section\" data-e-type=\"section\">\n\t\t\t\t\t\t<div class=\"elementor-container elementor-column-gap-default\">\n\t\t\t\t\t<div class=\"aux-parallax-section elementor-column elementor-col-100 elementor-top-column elementor-element elementor-element-76bc00b\" data-id=\"76bc00b\" data-element_type=\"column\" data-e-type=\"column\">\n\t\t\t<div class=\"elementor-widget-wrap elementor-element-populated\">\n\t\t\t\t\t\t<div class=\"elementor-element elementor-element-0a35f35 elementor-widget elementor-widget-text-editor\" data-id=\"0a35f35\" data-element_type=\"widget\" data-e-type=\"widget\" data-widget_type=\"text-editor.default\">\n\t\t\t\t<div class=\"elementor-widget-container\">\n\t\t\t\t\t\t\t\t\t<p style=\"text-align: left;\">Turbo Service realiza en sus centros de servicio la <b>reconstrucci\u00f3n completa de transmisiones del tipo Powershift, Powershuttle, Synchroshuttle, Synchromesh e hidrost\u00e1ticas<\/b> en todas sus marcas y modelos especificas para maquinarias Off-Highway (fuera de ruta) y de aplicaciones como construcci\u00f3n, viales, miner\u00eda, navales e industriales, adem\u00e1s de dar <b>servicio de post-venta y de garant\u00eda a las f\u00e1bricas que representamos<\/b>.<\/p><p>Contamos con un amplio stock de piezas de reposici\u00f3n leg\u00edtimas y una amplia red de log\u00edstica en USA y Europa, lo que nos permite ofrecer, <b>un excelente servicio con componentes originales y de primera calidad y en el menor tiempo posible<\/b>.<\/p><p>Nuestro centro de servicio recibe una <b>constante inversi\u00f3n tanto en equipamiento,\u00a0 como en la formaci\u00f3n <\/b><b> de nuestro personal t\u00e9cnico,<\/b> tanto en nuestras instalaciones como en las f\u00e1bricas que representamos, contando con las \u00faltimas herramientas especializadas y maquinarias disponibles para realizar correctamente todos los procedimientos de reparaci\u00f3n seg\u00fan las normativas y especificaciones de las correspondientes f\u00e1bricas.<\/p><p>Nuestro banco de pruebas nos da la capacidad de <b>evaluar din\u00e1micamente el desempe\u00f1o de la\u00a0 transmisi\u00f3n<\/b> verificando lecturas hidr\u00e1ulicas y electr\u00f3nicas necesarias para poder <b>garantizar la reparaci\u00f3n efectuada <\/b>y proporciona la seguridad de que la transmisi\u00f3n se desempe\u00f1ar\u00e1 correctamente en la aplicaci\u00f3n donde ir\u00e1 instalada.<\/p><p>Adem\u00e1s de contar con el correspondiente centro de mecanizado, recuperaci\u00f3n de componentes, armado y ajustes, tenemos un laboratorio de electr\u00f3nica con todos los sistemas y equipos de diagnostico provistos por las f\u00e1bricas, para dar <b>servicio a la nueva generaci\u00f3n de transmisiones electr\u00f3nicas<\/b>.<\/p><p>\u00a0<\/p><p style=\"text-align: left;\"><b>Algunos de los servicios que brindamos para estas transmisiones son:<\/b><\/p><ul><li>Desarme, limpieza e inspecci\u00f3n de todos sus componentes tanto mec\u00e1nicos como electr\u00f3nicos.<\/li><\/ul><ul><li>An\u00e1lisis y confecci\u00f3n del listado de repuestos.<\/li><\/ul><ul><li>Reemplazo de todos los componentes y partes da\u00f1adas.<\/li><\/ul><ul><li>Mecanizado y re-acondicionamiento de partes desgastadas.<\/li><\/ul><ul><li>Prearmado y ajuste de paquetes de marchas y seg\u00fan especificaciones del fabricante<\/li><\/ul><ul><li>Prueba neum\u00e1tica de desplazamiento de los discos.<\/li><\/ul><ul><li>Prueba funcional din\u00e1mica en banco de pruebas seg\u00fan par\u00e1metros y especificaciones del fabricante.<\/li><\/ul><ul><li>Diagn\u00f3stico con instrumental original y reparaci\u00f3n de componentes electr\u00f3nicos.<\/li><\/ul><ul><li>Pintado y protecci\u00f3n para el env\u00edo.<\/li><\/ul>\t\t\t\t\t\t\t\t<\/div>\n\t\t\t\t<\/div>\n\t\t\t\t\t<\/div>\n\t\t<\/div>\n\t\t\t\t\t<\/div>\n\t\t<\/section>\n\t\t\t\t<\/div>\n\t\t","protected":false},"excerpt":{"rendered":"<p>Reparaci\u00f3n y mantenimiento preventivo de transmisiones Turbo Service realiza en sus centros de servicio la reconstrucci\u00f3n completa de transmisiones del tipo Powershift, Powershuttle, Synchroshuttle, Synchromesh e hidrost\u00e1ticas en todas sus marcas y modelos especificas para maquinarias Off-Highway (fuera de ruta) y de aplicaciones como construcci\u00f3n, viales, miner\u00eda, navales e industriales, adem\u00e1s de dar servicio de [&hellip;]<\/p>\n","protected":false},"author":1,"featured_media":0,"parent":413,"menu_order":0,"comment_status":"closed","ping_status":"closed","template":"","meta":{"footnotes":""},"class_list":["post-1118","page","type-page","status-publish","hentry"],"_links":{"self":[{"href":"https:\/\/www.turbo-service.com.ar\/index.php?rest_route=\/wp\/v2\/pages\/1118","targetHints":{"allow":["GET"]}}],"collection":[{"href":"https:\/\/www.turbo-service.com.ar\/index.php?rest_route=\/wp\/v2\/pages"}],"about":[{"href":"https:\/\/www.turbo-service.com.ar\/index.php?rest_route=\/wp\/v2\/types\/page"}],"author":[{"embeddable":true,"href":"https:\/\/www.turbo-service.com.ar\/index.php?rest_route=\/wp\/v2\/users\/1"}],"replies":[{"embeddable":true,"href":"https:\/\/www.turbo-service.com.ar\/index.php?rest_route=%2Fwp%2Fv2%2Fcomments&post=1118"}],"version-history":[{"count":53,"href":"https:\/\/www.turbo-service.com.ar\/index.php?rest_route=\/wp\/v2\/pages\/1118\/revisions"}],"predecessor-version":[{"id":1634,"href":"https:\/\/www.turbo-service.com.ar\/index.php?rest_route=\/wp\/v2\/pages\/1118\/revisions\/1634"}],"up":[{"embeddable":true,"href":"https:\/\/www.turbo-service.com.ar\/index.php?rest_route=\/wp\/v2\/pages\/413"}],"wp:attachment":[{"href":"https:\/\/www.turbo-service.com.ar\/index.php?rest_route=%2Fwp%2Fv2%2Fmedia&parent=1118"}],"curies":[{"name":"wp","href":"https:\/\/api.w.org\/{rel}","templated":true}]}}