{"id":1226,"date":"2023-03-05T18:43:00","date_gmt":"2023-03-05T21:43:00","guid":{"rendered":"https:\/\/www.turbo-service.com.ar\/?page_id=1226"},"modified":"2023-03-18T18:23:35","modified_gmt":"2023-03-18T21:23:35","slug":"reparacion-de-convertidores","status":"publish","type":"page","link":"https:\/\/www.turbo-service.com.ar\/?page_id=1226","title":{"rendered":"Reparaci\u00f3n de convertidores de torque &#8211; ES"},"content":{"rendered":"\t\t<div data-elementor-type=\"wp-page\" data-elementor-id=\"1226\" class=\"elementor elementor-1226\">\n\t\t\t\t\t\t<section class=\"elementor-section elementor-top-section elementor-element elementor-element-7b0d926d elementor-section-full_width elementor-section-content-top elementor-section-stretched elementor-section-height-default elementor-section-height-default\" data-id=\"7b0d926d\" data-element_type=\"section\" data-e-type=\"section\" data-settings=\"{&quot;background_background&quot;:&quot;classic&quot;,&quot;shape_divider_bottom&quot;:&quot;mountains&quot;,&quot;stretch_section&quot;:&quot;section-stretched&quot;}\">\n\t\t\t\t\t\t\t<div class=\"elementor-background-overlay\"><\/div>\n\t\t\t\t\t\t<div class=\"elementor-shape elementor-shape-bottom\" aria-hidden=\"true\" data-negative=\"false\">\n\t\t\t<svg xmlns=\"http:\/\/www.w3.org\/2000\/svg\" viewBox=\"0 0 1000 100\" preserveAspectRatio=\"none\">\n\t<path class=\"elementor-shape-fill\" opacity=\"0.33\" d=\"M473,67.3c-203.9,88.3-263.1-34-320.3,0C66,119.1,0,59.7,0,59.7V0h1000v59.7 c0,0-62.1,26.1-94.9,29.3c-32.8,3.3-62.8-12.3-75.8-22.1C806,49.6,745.3,8.7,694.9,4.7S492.4,59,473,67.3z\"\/>\n\t<path class=\"elementor-shape-fill\" opacity=\"0.66\" d=\"M734,67.3c-45.5,0-77.2-23.2-129.1-39.1c-28.6-8.7-150.3-10.1-254,39.1 s-91.7-34.4-149.2,0C115.7,118.3,0,39.8,0,39.8V0h1000v36.5c0,0-28.2-18.5-92.1-18.5C810.2,18.1,775.7,67.3,734,67.3z\"\/>\n\t<path class=\"elementor-shape-fill\" d=\"M766.1,28.9c-200-57.5-266,65.5-395.1,19.5C242,1.8,242,5.4,184.8,20.6C128,35.8,132.3,44.9,89.9,52.5C28.6,63.7,0,0,0,0 h1000c0,0-9.9,40.9-83.6,48.1S829.6,47,766.1,28.9z\"\/>\n<\/svg>\t\t<\/div>\n\t\t\t\t\t<div class=\"elementor-container elementor-column-gap-default\">\n\t\t\t\t\t<div class=\"aux-parallax-section elementor-column elementor-col-100 elementor-top-column elementor-element elementor-element-5a9c373c\" data-id=\"5a9c373c\" data-element_type=\"column\" data-e-type=\"column\">\n\t\t\t<div class=\"elementor-widget-wrap elementor-element-populated\">\n\t\t\t\t\t\t<div class=\"elementor-element elementor-element-3c11082f elementor-widget elementor-widget-heading\" data-id=\"3c11082f\" data-element_type=\"widget\" data-e-type=\"widget\" data-widget_type=\"heading.default\">\n\t\t\t\t<div class=\"elementor-widget-container\">\n\t\t\t\t\t<h3 class=\"elementor-heading-title elementor-size-default\">Reparaci\u00f3n de convertidores de torque<\/h3>\t\t\t\t<\/div>\n\t\t\t\t<\/div>\n\t\t\t\t\t<\/div>\n\t\t<\/div>\n\t\t\t\t\t<\/div>\n\t\t<\/section>\n\t\t\t\t<section class=\"elementor-section elementor-top-section elementor-element elementor-element-2c9726f elementor-section-boxed elementor-section-height-default elementor-section-height-default\" data-id=\"2c9726f\" data-element_type=\"section\" data-e-type=\"section\">\n\t\t\t\t\t\t<div class=\"elementor-container elementor-column-gap-default\">\n\t\t\t\t\t<div class=\"aux-parallax-section elementor-column elementor-col-100 elementor-top-column elementor-element elementor-element-7ba6798\" data-id=\"7ba6798\" data-element_type=\"column\" data-e-type=\"column\">\n\t\t\t<div class=\"elementor-widget-wrap elementor-element-populated\">\n\t\t\t\t\t\t<div class=\"elementor-element elementor-element-b5c9f80 elementor-widget elementor-widget-text-editor\" data-id=\"b5c9f80\" data-element_type=\"widget\" data-e-type=\"widget\" data-widget_type=\"text-editor.default\">\n\t\t\t\t<div class=\"elementor-widget-container\">\n\t\t\t\t\t\t\t\t\t<p>Turbo Service realiza en su centro de servicio la <b>reconstrucci\u00f3n completa de convertidores de torque<\/b> en todas sus marcas y modelos, tanto los blindados como los de aluminio.<\/p>\n<p>Contamos con un amplio stock de piezas de reposici\u00f3n leg\u00edtimas y una amplia red de log\u00edstica en USA y Europa, lo que nos permite ofrecer, <b>un excelente servicio con componentes originales y de primera calidad y en el menor tiempo posible<\/b>.<\/p>\n<p>Nuestro centro de servicio recibe una <b>constante inversi\u00f3n tanto en equipamiento,&nbsp; como en la formaci\u00f3n <\/b><b> de nuestro personal t\u00e9cnico, <\/b>tanto en nuestras instalaciones como en las f\u00e1bricas que representamos, contando con las \u00faltimas herramientas especializadas y maquinarias disponibles para realizar correctamente todos los procedimientos de reparaci\u00f3n seg\u00fan las normativas y especificaciones de las correspondientes f\u00e1bricas.<\/p>\n<p><br><\/p>\n<p><b>Algunos de los servicios que brindamos para convertidores de torque:<\/b><\/p>\n<ul>\n<li>Cambios de trompa (toma de fuerza)<\/li>\n<\/ul>\n<ul>\n<li>Sustituci\u00f3n de rodamientos axiales y radiales<\/li>\n<\/ul>\n<ul>\n<li>Reemplazo de arandelas de fricci\u00f3n<\/li>\n<\/ul>\n<ul>\n<li>Cambio de ruedas libres internas<\/li>\n<\/ul>\n<ul>\n<li>Reconstrucci\u00f3n de alabes de turbina<\/li>\n<\/ul>\n<ul>\n<li>Control de huelgos<\/li>\n<\/ul>\n<ul>\n<li>Correcci\u00f3n de cierres axiales y diametrales<\/li>\n<\/ul>\n<ul>\n<li>Balanceo din\u00e1mico del convertidor<\/li>\n<\/ul>\t\t\t\t\t\t\t\t<\/div>\n\t\t\t\t<\/div>\n\t\t\t\t\t<\/div>\n\t\t<\/div>\n\t\t\t\t\t<\/div>\n\t\t<\/section>\n\t\t\t\t<\/div>\n\t\t","protected":false},"excerpt":{"rendered":"<p>Reparaci\u00f3n de convertidores de torque Turbo Service realiza en su centro de servicio la reconstrucci\u00f3n completa de convertidores de torque en todas sus marcas y modelos, tanto los blindados como los de aluminio. Contamos con un amplio stock de piezas de reposici\u00f3n leg\u00edtimas y una amplia red de log\u00edstica en USA y Europa, lo que [&hellip;]<\/p>\n","protected":false},"author":1,"featured_media":0,"parent":413,"menu_order":0,"comment_status":"closed","ping_status":"closed","template":"","meta":{"footnotes":""},"class_list":["post-1226","page","type-page","status-publish","hentry"],"_links":{"self":[{"href":"https:\/\/www.turbo-service.com.ar\/index.php?rest_route=\/wp\/v2\/pages\/1226","targetHints":{"allow":["GET"]}}],"collection":[{"href":"https:\/\/www.turbo-service.com.ar\/index.php?rest_route=\/wp\/v2\/pages"}],"about":[{"href":"https:\/\/www.turbo-service.com.ar\/index.php?rest_route=\/wp\/v2\/types\/page"}],"author":[{"embeddable":true,"href":"https:\/\/www.turbo-service.com.ar\/index.php?rest_route=\/wp\/v2\/users\/1"}],"replies":[{"embeddable":true,"href":"https:\/\/www.turbo-service.com.ar\/index.php?rest_route=%2Fwp%2Fv2%2Fcomments&post=1226"}],"version-history":[{"count":14,"href":"https:\/\/www.turbo-service.com.ar\/index.php?rest_route=\/wp\/v2\/pages\/1226\/revisions"}],"predecessor-version":[{"id":1627,"href":"https:\/\/www.turbo-service.com.ar\/index.php?rest_route=\/wp\/v2\/pages\/1226\/revisions\/1627"}],"up":[{"embeddable":true,"href":"https:\/\/www.turbo-service.com.ar\/index.php?rest_route=\/wp\/v2\/pages\/413"}],"wp:attachment":[{"href":"https:\/\/www.turbo-service.com.ar\/index.php?rest_route=%2Fwp%2Fv2%2Fmedia&parent=1226"}],"curies":[{"name":"wp","href":"https:\/\/api.w.org\/{rel}","templated":true}]}}