{"id":1244,"date":"2023-03-05T21:22:48","date_gmt":"2023-03-06T00:22:48","guid":{"rendered":"https:\/\/www.turbo-service.com.ar\/?page_id=1244"},"modified":"2023-03-18T18:23:29","modified_gmt":"2023-03-18T21:23:29","slug":"diagnosticos-de-transmisiones","status":"publish","type":"page","link":"https:\/\/www.turbo-service.com.ar\/?page_id=1244","title":{"rendered":"Diagn\u00f3sticos de transmisiones &#8211; ES"},"content":{"rendered":"\t\t<div data-elementor-type=\"wp-page\" data-elementor-id=\"1244\" class=\"elementor elementor-1244\">\n\t\t\t\t\t\t<section class=\"elementor-section elementor-top-section elementor-element elementor-element-6ccb8057 elementor-section-full_width elementor-section-content-top elementor-section-stretched elementor-section-height-default elementor-section-height-default\" data-id=\"6ccb8057\" data-element_type=\"section\" data-e-type=\"section\" data-settings=\"{&quot;background_background&quot;:&quot;classic&quot;,&quot;shape_divider_bottom&quot;:&quot;mountains&quot;,&quot;stretch_section&quot;:&quot;section-stretched&quot;}\">\n\t\t\t\t\t\t\t<div class=\"elementor-background-overlay\"><\/div>\n\t\t\t\t\t\t<div class=\"elementor-shape elementor-shape-bottom\" aria-hidden=\"true\" data-negative=\"false\">\n\t\t\t<svg xmlns=\"http:\/\/www.w3.org\/2000\/svg\" viewBox=\"0 0 1000 100\" preserveAspectRatio=\"none\">\n\t<path class=\"elementor-shape-fill\" opacity=\"0.33\" d=\"M473,67.3c-203.9,88.3-263.1-34-320.3,0C66,119.1,0,59.7,0,59.7V0h1000v59.7 c0,0-62.1,26.1-94.9,29.3c-32.8,3.3-62.8-12.3-75.8-22.1C806,49.6,745.3,8.7,694.9,4.7S492.4,59,473,67.3z\"\/>\n\t<path class=\"elementor-shape-fill\" opacity=\"0.66\" d=\"M734,67.3c-45.5,0-77.2-23.2-129.1-39.1c-28.6-8.7-150.3-10.1-254,39.1 s-91.7-34.4-149.2,0C115.7,118.3,0,39.8,0,39.8V0h1000v36.5c0,0-28.2-18.5-92.1-18.5C810.2,18.1,775.7,67.3,734,67.3z\"\/>\n\t<path class=\"elementor-shape-fill\" d=\"M766.1,28.9c-200-57.5-266,65.5-395.1,19.5C242,1.8,242,5.4,184.8,20.6C128,35.8,132.3,44.9,89.9,52.5C28.6,63.7,0,0,0,0 h1000c0,0-9.9,40.9-83.6,48.1S829.6,47,766.1,28.9z\"\/>\n<\/svg>\t\t<\/div>\n\t\t\t\t\t<div class=\"elementor-container elementor-column-gap-default\">\n\t\t\t\t\t<div class=\"aux-parallax-section elementor-column elementor-col-100 elementor-top-column elementor-element elementor-element-7964a3e3\" data-id=\"7964a3e3\" data-element_type=\"column\" data-e-type=\"column\">\n\t\t\t<div class=\"elementor-widget-wrap elementor-element-populated\">\n\t\t\t\t\t\t<div class=\"elementor-element elementor-element-99aff34 elementor-widget elementor-widget-heading\" data-id=\"99aff34\" data-element_type=\"widget\" data-e-type=\"widget\" data-widget_type=\"heading.default\">\n\t\t\t\t<div class=\"elementor-widget-container\">\n\t\t\t\t\t<h3 class=\"elementor-heading-title elementor-size-default\">Diagn\u00f3stico de campo de transmisiones<\/h3>\t\t\t\t<\/div>\n\t\t\t\t<\/div>\n\t\t\t\t\t<\/div>\n\t\t<\/div>\n\t\t\t\t\t<\/div>\n\t\t<\/section>\n\t\t\t\t<section class=\"elementor-section elementor-top-section elementor-element elementor-element-089021b elementor-section-boxed elementor-section-height-default elementor-section-height-default\" data-id=\"089021b\" data-element_type=\"section\" data-e-type=\"section\">\n\t\t\t\t\t\t<div class=\"elementor-container elementor-column-gap-default\">\n\t\t\t\t\t<div class=\"aux-parallax-section elementor-column elementor-col-100 elementor-top-column elementor-element elementor-element-6ab20a5\" data-id=\"6ab20a5\" data-element_type=\"column\" data-e-type=\"column\">\n\t\t\t<div class=\"elementor-widget-wrap elementor-element-populated\">\n\t\t\t\t\t\t<div class=\"elementor-element elementor-element-daa47f3 elementor-widget elementor-widget-text-editor\" data-id=\"daa47f3\" data-element_type=\"widget\" data-e-type=\"widget\" data-widget_type=\"text-editor.default\">\n\t\t\t\t<div class=\"elementor-widget-container\">\n\t\t\t\t\t\t\t\t\t<p>Nuestros t\u00e9cnicos son <b>especialistas en toda clase y modelos<\/b><b> de transmisiones del tipo Powershift, Powershuttle, Synchroshuttle, Synchromesh e hidrost\u00e1ticas <\/b>en todas sus marcas y modelos&nbsp; especificas para maquinarias Off-Highway (fuera de ruta) y de aplicaciones como construcci\u00f3n, viales, miner\u00eda, navales e industriales, adem\u00e1s de dar <b>servicio de post-venta y de garant\u00eda a las f\u00e1bricas que representamos<\/b>.<\/p>\n<div>&nbsp;<\/div>\n<p style=\"text-align: left;\"><b>Algunos de los servicios que brindamos en esta modalidad:<\/b><\/p>\n<ul>\n<li>Toma y an\u00e1lisis de lecturas de presiones hidr\u00e1ulicas.<\/li>\n<\/ul>\n<ul>\n<li>Evaluaci\u00f3n y diagn\u00f3stico de todos los componentes de la gesti\u00f3n electr\u00f3nica.<\/li>\n<\/ul>\n<ul>\n<li>Diagn\u00f3stico y reemplazo de los componentes perif\u00e9ricos como sensores y electrov\u00e1lvulas da\u00f1ados.<\/li>\n<\/ul>\n<ul>\n<li>Prueba de fuerza y rendimiento en la tracci\u00f3n de las diferentes marchas.<\/li>\n<\/ul>\n<ul>\n<li>Toma de muestras de aceite de transmisi\u00f3n y an\u00e1lisis en laboratorio.<\/li>\n<\/ul>\t\t\t\t\t\t\t\t<\/div>\n\t\t\t\t<\/div>\n\t\t\t\t\t<\/div>\n\t\t<\/div>\n\t\t\t\t\t<\/div>\n\t\t<\/section>\n\t\t\t\t<\/div>\n\t\t","protected":false},"excerpt":{"rendered":"<p>Diagn\u00f3stico de campo de transmisiones Nuestros t\u00e9cnicos son especialistas en toda clase y modelos de transmisiones del tipo Powershift, Powershuttle, Synchroshuttle, Synchromesh e hidrost\u00e1ticas en todas sus marcas y modelos&nbsp; especificas para maquinarias Off-Highway (fuera de ruta) y de aplicaciones como construcci\u00f3n, viales, miner\u00eda, navales e industriales, adem\u00e1s de dar servicio de post-venta y de [&hellip;]<\/p>\n","protected":false},"author":1,"featured_media":0,"parent":413,"menu_order":0,"comment_status":"closed","ping_status":"closed","template":"","meta":{"footnotes":""},"class_list":["post-1244","page","type-page","status-publish","hentry"],"_links":{"self":[{"href":"https:\/\/www.turbo-service.com.ar\/index.php?rest_route=\/wp\/v2\/pages\/1244","targetHints":{"allow":["GET"]}}],"collection":[{"href":"https:\/\/www.turbo-service.com.ar\/index.php?rest_route=\/wp\/v2\/pages"}],"about":[{"href":"https:\/\/www.turbo-service.com.ar\/index.php?rest_route=\/wp\/v2\/types\/page"}],"author":[{"embeddable":true,"href":"https:\/\/www.turbo-service.com.ar\/index.php?rest_route=\/wp\/v2\/users\/1"}],"replies":[{"embeddable":true,"href":"https:\/\/www.turbo-service.com.ar\/index.php?rest_route=%2Fwp%2Fv2%2Fcomments&post=1244"}],"version-history":[{"count":14,"href":"https:\/\/www.turbo-service.com.ar\/index.php?rest_route=\/wp\/v2\/pages\/1244\/revisions"}],"predecessor-version":[{"id":1626,"href":"https:\/\/www.turbo-service.com.ar\/index.php?rest_route=\/wp\/v2\/pages\/1244\/revisions\/1626"}],"up":[{"embeddable":true,"href":"https:\/\/www.turbo-service.com.ar\/index.php?rest_route=\/wp\/v2\/pages\/413"}],"wp:attachment":[{"href":"https:\/\/www.turbo-service.com.ar\/index.php?rest_route=%2Fwp%2Fv2%2Fmedia&parent=1244"}],"curies":[{"name":"wp","href":"https:\/\/api.w.org\/{rel}","templated":true}]}}