{"id":1793,"date":"2023-03-20T20:54:34","date_gmt":"2023-03-20T23:54:34","guid":{"rendered":"https:\/\/www.turbo-service.com.ar\/?page_id=1793"},"modified":"2023-03-23T00:12:17","modified_gmt":"2023-03-23T03:12:17","slug":"ejes-y-diferenciales-funk-deere-es","status":"publish","type":"page","link":"https:\/\/www.turbo-service.com.ar\/?page_id=1793","title":{"rendered":"Ejes y diferenciales Funk \/ Deere &#8211; ES"},"content":{"rendered":"\t\t<div data-elementor-type=\"wp-page\" data-elementor-id=\"1793\" class=\"elementor elementor-1793\">\n\t\t\t\t\t\t<section class=\"elementor-section elementor-top-section elementor-element elementor-element-7ffa96dd elementor-section-full_width elementor-section-content-top elementor-section-stretched elementor-section-height-default elementor-section-height-default\" data-id=\"7ffa96dd\" data-element_type=\"section\" data-e-type=\"section\" data-settings=\"{&quot;background_background&quot;:&quot;classic&quot;,&quot;shape_divider_bottom&quot;:&quot;mountains&quot;,&quot;stretch_section&quot;:&quot;section-stretched&quot;}\">\n\t\t\t\t\t\t\t<div class=\"elementor-background-overlay\"><\/div>\n\t\t\t\t\t\t<div class=\"elementor-shape elementor-shape-bottom\" aria-hidden=\"true\" data-negative=\"false\">\n\t\t\t<svg xmlns=\"http:\/\/www.w3.org\/2000\/svg\" viewBox=\"0 0 1000 100\" preserveAspectRatio=\"none\">\n\t<path class=\"elementor-shape-fill\" opacity=\"0.33\" d=\"M473,67.3c-203.9,88.3-263.1-34-320.3,0C66,119.1,0,59.7,0,59.7V0h1000v59.7 c0,0-62.1,26.1-94.9,29.3c-32.8,3.3-62.8-12.3-75.8-22.1C806,49.6,745.3,8.7,694.9,4.7S492.4,59,473,67.3z\"\/>\n\t<path class=\"elementor-shape-fill\" opacity=\"0.66\" d=\"M734,67.3c-45.5,0-77.2-23.2-129.1-39.1c-28.6-8.7-150.3-10.1-254,39.1 s-91.7-34.4-149.2,0C115.7,118.3,0,39.8,0,39.8V0h1000v36.5c0,0-28.2-18.5-92.1-18.5C810.2,18.1,775.7,67.3,734,67.3z\"\/>\n\t<path class=\"elementor-shape-fill\" d=\"M766.1,28.9c-200-57.5-266,65.5-395.1,19.5C242,1.8,242,5.4,184.8,20.6C128,35.8,132.3,44.9,89.9,52.5C28.6,63.7,0,0,0,0 h1000c0,0-9.9,40.9-83.6,48.1S829.6,47,766.1,28.9z\"\/>\n<\/svg>\t\t<\/div>\n\t\t\t\t\t<div class=\"elementor-container elementor-column-gap-default\">\n\t\t\t\t\t<div class=\"aux-parallax-section elementor-column elementor-col-100 elementor-top-column elementor-element elementor-element-36ce8be\" data-id=\"36ce8be\" data-element_type=\"column\" data-e-type=\"column\">\n\t\t\t<div class=\"elementor-widget-wrap elementor-element-populated\">\n\t\t\t\t\t\t<div class=\"elementor-element elementor-element-6edcfaa7 elementor-widget elementor-widget-heading\" data-id=\"6edcfaa7\" data-element_type=\"widget\" data-e-type=\"widget\" data-widget_type=\"heading.default\">\n\t\t\t\t<div class=\"elementor-widget-container\">\n\t\t\t\t\t<h3 class=\"elementor-heading-title elementor-size-default\">Ejes TeamMate II - Funk \/ John Deere<\/h3>\t\t\t\t<\/div>\n\t\t\t\t<\/div>\n\t\t\t\t<div class=\"elementor-element elementor-element-164b0fe elementor-widget elementor-widget-text-editor\" data-id=\"164b0fe\" data-element_type=\"widget\" data-e-type=\"widget\" data-widget_type=\"text-editor.default\">\n\t\t\t\t<div class=\"elementor-widget-container\">\n\t\t\t\t\t\t\t\t\t<p><b>Como distribuidor y centro de servicios autorizado, proveemos transmisiones para reposici\u00f3n, repuestos leg\u00edtimos y servicios de mantenimiento y reparaci\u00f3n para toda la gama de modelos de ejes de Funk de John Deere <span lang=\"es\">para aplicaciones Off-Highway (Fuera de ruta).<\/span><br \/><\/b><\/p>\t\t\t\t\t\t\t\t<\/div>\n\t\t\t\t<\/div>\n\t\t\t\t\t<\/div>\n\t\t<\/div>\n\t\t\t\t\t<\/div>\n\t\t<\/section>\n\t\t\t\t<section class=\"elementor-section elementor-top-section elementor-element elementor-element-3c4ec802 elementor-section-content-middle elementor-section-boxed elementor-section-height-default elementor-section-height-default\" data-id=\"3c4ec802\" data-element_type=\"section\" data-e-type=\"section\">\n\t\t\t\t\t\t<div class=\"elementor-container elementor-column-gap-default\">\n\t\t\t\t\t<div class=\"aux-parallax-section elementor-column elementor-col-33 elementor-top-column elementor-element elementor-element-497a22ba\" data-id=\"497a22ba\" data-element_type=\"column\" data-e-type=\"column\">\n\t\t\t<div class=\"elementor-widget-wrap elementor-element-populated\">\n\t\t\t\t\t\t<div class=\"elementor-element elementor-element-3286b431 elementor-position-top elementor-widget elementor-widget-image-box\" data-id=\"3286b431\" data-element_type=\"widget\" data-e-type=\"widget\" data-widget_type=\"image-box.default\">\n\t\t\t\t<div class=\"elementor-widget-container\">\n\t\t\t\t\t<div class=\"elementor-image-box-wrapper\"><figure class=\"elementor-image-box-img\"><a href=\"\/wp-content\/uploads\/2023\/03\/Funk_1200_axle.pdf\" target=\"_blank\" tabindex=\"-1\"><img fetchpriority=\"high\" decoding=\"async\" width=\"300\" height=\"300\" src=\"https:\/\/www.turbo-service.com.ar\/wp-content\/uploads\/2023\/03\/Funk-eje-1200.jpg\" class=\"elementor-animation-grow attachment-full size-full wp-image-1834\" alt=\"\" srcset=\"https:\/\/www.turbo-service.com.ar\/wp-content\/uploads\/2023\/03\/Funk-eje-1200.jpg 300w, https:\/\/www.turbo-service.com.ar\/wp-content\/uploads\/2023\/03\/Funk-eje-1200-150x150.jpg 150w\" \/><\/a><\/figure><\/div>\t\t\t\t<\/div>\n\t\t\t\t<\/div>\n\t\t\t\t\t<\/div>\n\t\t<\/div>\n\t\t\t\t<div class=\"aux-parallax-section elementor-column elementor-col-66 elementor-top-column elementor-element elementor-element-82a56fb\" data-id=\"82a56fb\" data-element_type=\"column\" data-e-type=\"column\">\n\t\t\t<div class=\"elementor-widget-wrap elementor-element-populated\">\n\t\t\t\t\t\t<div class=\"elementor-element elementor-element-52ef0e3b elementor-widget elementor-widget-heading\" data-id=\"52ef0e3b\" data-element_type=\"widget\" data-e-type=\"widget\" data-widget_type=\"heading.default\">\n\t\t\t\t<div class=\"elementor-widget-container\">\n\t\t\t\t\t<h4 class=\"elementor-heading-title elementor-size-default\">Serie 1200  - TeamMate II<\/h4>\t\t\t\t<\/div>\n\t\t\t\t<\/div>\n\t\t\t\t<div class=\"elementor-element elementor-element-112a6abd elementor-widget elementor-widget-text-editor\" data-id=\"112a6abd\" data-element_type=\"widget\" data-e-type=\"widget\" data-widget_type=\"text-editor.default\">\n\t\t\t\t<div class=\"elementor-widget-container\">\n\t\t\t\t\t\t\t\t\t<ul><li>Torque de salida m\u00e1ximo: 35.000 Nm (310.000 in-lb)<\/li><li>Carga vertical m\u00e1xima: 240.000 N (54.000 lb)<\/li><li>Relaciones de reducci\u00f3n: 4,333:1 &#8211; 33,429:1<\/li><\/ul>\t\t\t\t\t\t\t\t<\/div>\n\t\t\t\t<\/div>\n\t\t\t\t<div class=\"elementor-element elementor-element-a754cb1 elementor-widget elementor-widget-aux_modern_button\" data-id=\"a754cb1\" data-element_type=\"widget\" data-e-type=\"widget\" data-widget_type=\"aux_modern_button.default\">\n\t\t\t\t<div class=\"elementor-widget-container\">\n\t\t\t\t\t    <div class=\"aux-modern-button-wrapper aux-modern-button-align-center\" >\n                    <a class=\"aux-modern-button aux-black aux-modern-button-xs aux-modern-button-round aux-modern-button-default aux-icon-left\" href=\"\/wp-content\/uploads\/2023\/03\/Funk_1200_axle.pdf\" target=\"_blank\" rel=\"nofollow\">\n                <div class=\"aux-overlay\"><\/div>\n                                    <div class=\"aux-icon \">\n                        <i aria-hidden=\"true\" class=\"auxicon-arrow-down\"><\/i>                    <\/div>\n                                <div class=\"aux-text\">\n<span class=\"aux-text-before\">Especificaciones<\/span>                <\/div>\n            <\/a>\n            \n    <\/div>\n\n    \t\t\t\t<\/div>\n\t\t\t\t<\/div>\n\t\t\t\t\t<\/div>\n\t\t<\/div>\n\t\t\t\t\t<\/div>\n\t\t<\/section>\n\t\t\t\t<section class=\"elementor-section elementor-top-section elementor-element elementor-element-5f2dc061 elementor-section-content-middle elementor-section-boxed elementor-section-height-default elementor-section-height-default\" data-id=\"5f2dc061\" data-element_type=\"section\" data-e-type=\"section\">\n\t\t\t\t\t\t<div class=\"elementor-container elementor-column-gap-default\">\n\t\t\t\t\t<div class=\"aux-parallax-section elementor-column elementor-col-33 elementor-top-column elementor-element elementor-element-657a1bb4\" data-id=\"657a1bb4\" data-element_type=\"column\" data-e-type=\"column\">\n\t\t\t<div class=\"elementor-widget-wrap elementor-element-populated\">\n\t\t\t\t\t\t<div class=\"elementor-element elementor-element-f019999 elementor-position-top elementor-widget elementor-widget-image-box\" data-id=\"f019999\" data-element_type=\"widget\" data-e-type=\"widget\" data-widget_type=\"image-box.default\">\n\t\t\t\t<div class=\"elementor-widget-container\">\n\t\t\t\t\t<div class=\"elementor-image-box-wrapper\"><figure class=\"elementor-image-box-img\"><a href=\"\/wp-content\/uploads\/2023\/03\/Funk_1400_axle.pdf\" tabindex=\"-1\"><img decoding=\"async\" width=\"300\" height=\"300\" src=\"https:\/\/www.turbo-service.com.ar\/wp-content\/uploads\/2023\/03\/Funk-eje-1400.jpg\" class=\"elementor-animation-grow attachment-full size-full wp-image-1835\" alt=\"\" srcset=\"https:\/\/www.turbo-service.com.ar\/wp-content\/uploads\/2023\/03\/Funk-eje-1400.jpg 300w, https:\/\/www.turbo-service.com.ar\/wp-content\/uploads\/2023\/03\/Funk-eje-1400-150x150.jpg 150w\" \/><\/a><\/figure><\/div>\t\t\t\t<\/div>\n\t\t\t\t<\/div>\n\t\t\t\t\t<\/div>\n\t\t<\/div>\n\t\t\t\t<div class=\"aux-parallax-section elementor-column elementor-col-66 elementor-top-column elementor-element elementor-element-609e6d4e\" data-id=\"609e6d4e\" data-element_type=\"column\" data-e-type=\"column\">\n\t\t\t<div class=\"elementor-widget-wrap elementor-element-populated\">\n\t\t\t\t\t\t<div class=\"elementor-element elementor-element-6dbc1147 elementor-widget elementor-widget-heading\" data-id=\"6dbc1147\" data-element_type=\"widget\" data-e-type=\"widget\" data-widget_type=\"heading.default\">\n\t\t\t\t<div class=\"elementor-widget-container\">\n\t\t\t\t\t<h4 class=\"elementor-heading-title elementor-size-default\">Serie 1400  - TeamMate II<\/h4>\t\t\t\t<\/div>\n\t\t\t\t<\/div>\n\t\t\t\t<div class=\"elementor-element elementor-element-68b04128 elementor-widget elementor-widget-text-editor\" data-id=\"68b04128\" data-element_type=\"widget\" data-e-type=\"widget\" data-widget_type=\"text-editor.default\">\n\t\t\t\t<div class=\"elementor-widget-container\">\n\t\t\t\t\t\t\t\t\t<ul><li>Torque de salida m\u00e1ximo: 47.400 Nm (420.000 in-lb)<\/li><li>Carga vertical m\u00e1xima: 300.000 N (67.000 lb)<\/li><li>Relaciones de reducci\u00f3n: 16,208:1 &#8211; 32,914:1<\/li><\/ul>\t\t\t\t\t\t\t\t<\/div>\n\t\t\t\t<\/div>\n\t\t\t\t<div class=\"elementor-element elementor-element-7241781 elementor-widget elementor-widget-aux_modern_button\" data-id=\"7241781\" data-element_type=\"widget\" data-e-type=\"widget\" data-widget_type=\"aux_modern_button.default\">\n\t\t\t\t<div class=\"elementor-widget-container\">\n\t\t\t\t\t    <div class=\"aux-modern-button-wrapper aux-modern-button-align-center\" >\n                    <a class=\"aux-modern-button aux-black aux-modern-button-xs aux-modern-button-round aux-modern-button-default aux-icon-left\" href=\"\/wp-content\/uploads\/2023\/03\/Funk_1400_axle.pdf\" target=\"_blank\" rel=\"nofollow\">\n                <div class=\"aux-overlay\"><\/div>\n                                    <div class=\"aux-icon \">\n                        <i aria-hidden=\"true\" class=\"auxicon-arrow-down\"><\/i>                    <\/div>\n                                <div class=\"aux-text\">\n<span class=\"aux-text-before\">Especificaciones<\/span>                <\/div>\n            <\/a>\n            \n    <\/div>\n\n    \t\t\t\t<\/div>\n\t\t\t\t<\/div>\n\t\t\t\t\t<\/div>\n\t\t<\/div>\n\t\t\t\t\t<\/div>\n\t\t<\/section>\n\t\t\t\t<section class=\"elementor-section elementor-top-section elementor-element elementor-element-47e6537 elementor-section-content-middle elementor-section-boxed elementor-section-height-default elementor-section-height-default\" data-id=\"47e6537\" data-element_type=\"section\" data-e-type=\"section\">\n\t\t\t\t\t\t<div class=\"elementor-container elementor-column-gap-default\">\n\t\t\t\t\t<div class=\"aux-parallax-section elementor-column elementor-col-33 elementor-top-column elementor-element elementor-element-88b0693\" data-id=\"88b0693\" data-element_type=\"column\" data-e-type=\"column\">\n\t\t\t<div class=\"elementor-widget-wrap elementor-element-populated\">\n\t\t\t\t\t\t<div class=\"elementor-element elementor-element-9c4ee9d elementor-position-top elementor-widget elementor-widget-image-box\" data-id=\"9c4ee9d\" data-element_type=\"widget\" data-e-type=\"widget\" data-widget_type=\"image-box.default\">\n\t\t\t\t<div class=\"elementor-widget-container\">\n\t\t\t\t\t<div class=\"elementor-image-box-wrapper\"><figure class=\"elementor-image-box-img\"><a href=\"\/wp-content\/uploads\/2023\/03\/Funk_1400SWEDA_axle.pdf\" tabindex=\"-1\"><img decoding=\"async\" width=\"300\" height=\"300\" src=\"https:\/\/www.turbo-service.com.ar\/wp-content\/uploads\/2023\/03\/Funk-eje-1400-1.jpg\" class=\"elementor-animation-grow attachment-full size-full wp-image-1836\" alt=\"\" srcset=\"https:\/\/www.turbo-service.com.ar\/wp-content\/uploads\/2023\/03\/Funk-eje-1400-1.jpg 300w, https:\/\/www.turbo-service.com.ar\/wp-content\/uploads\/2023\/03\/Funk-eje-1400-1-150x150.jpg 150w\" \/><\/a><\/figure><\/div>\t\t\t\t<\/div>\n\t\t\t\t<\/div>\n\t\t\t\t\t<\/div>\n\t\t<\/div>\n\t\t\t\t<div class=\"aux-parallax-section elementor-column elementor-col-66 elementor-top-column elementor-element elementor-element-71b275c\" data-id=\"71b275c\" data-element_type=\"column\" data-e-type=\"column\">\n\t\t\t<div class=\"elementor-widget-wrap elementor-element-populated\">\n\t\t\t\t\t\t<div class=\"elementor-element elementor-element-4829cc4 elementor-widget elementor-widget-heading\" data-id=\"4829cc4\" data-element_type=\"widget\" data-e-type=\"widget\" data-widget_type=\"heading.default\">\n\t\t\t\t<div class=\"elementor-widget-container\">\n\t\t\t\t\t<h4 class=\"elementor-heading-title elementor-size-default\">Serie 1400 SWEDA - TeamMate II<\/h4>\t\t\t\t<\/div>\n\t\t\t\t<\/div>\n\t\t\t\t<div class=\"elementor-element elementor-element-8352f93 elementor-widget elementor-widget-text-editor\" data-id=\"8352f93\" data-element_type=\"widget\" data-e-type=\"widget\" data-widget_type=\"text-editor.default\">\n\t\t\t\t<div class=\"elementor-widget-container\">\n\t\t\t\t\t\t\t\t\t<ul><li>Torque de salida m\u00e1ximo: 47.400 Nm (420.000 in-lb)<\/li><li>Carga vertical m\u00e1xima: 300.000 N (67.000 lb)<\/li><li>Relaciones de reducci\u00f3n: 27,927:1 &#8211; 30,578:1<\/li><\/ul>\t\t\t\t\t\t\t\t<\/div>\n\t\t\t\t<\/div>\n\t\t\t\t<div class=\"elementor-element elementor-element-7c37f4c elementor-widget elementor-widget-aux_modern_button\" data-id=\"7c37f4c\" data-element_type=\"widget\" data-e-type=\"widget\" data-widget_type=\"aux_modern_button.default\">\n\t\t\t\t<div class=\"elementor-widget-container\">\n\t\t\t\t\t    <div class=\"aux-modern-button-wrapper aux-modern-button-align-center\" >\n                    <a class=\"aux-modern-button aux-black aux-modern-button-xs aux-modern-button-round aux-modern-button-default aux-icon-left\" href=\"\/wp-content\/uploads\/2023\/03\/Funk_1400SWEDA_axle.pdf\" target=\"_blank\" rel=\"nofollow\">\n                <div class=\"aux-overlay\"><\/div>\n                                    <div class=\"aux-icon \">\n                        <i aria-hidden=\"true\" class=\"auxicon-arrow-down\"><\/i>                    <\/div>\n                                <div class=\"aux-text\">\n<span class=\"aux-text-before\">Especificaciones<\/span>                <\/div>\n            <\/a>\n            \n    <\/div>\n\n    \t\t\t\t<\/div>\n\t\t\t\t<\/div>\n\t\t\t\t\t<\/div>\n\t\t<\/div>\n\t\t\t\t\t<\/div>\n\t\t<\/section>\n\t\t\t\t<section class=\"elementor-section elementor-top-section elementor-element elementor-element-33ec524 elementor-section-content-middle elementor-section-boxed elementor-section-height-default elementor-section-height-default\" data-id=\"33ec524\" data-element_type=\"section\" data-e-type=\"section\">\n\t\t\t\t\t\t<div class=\"elementor-container elementor-column-gap-default\">\n\t\t\t\t\t<div class=\"aux-parallax-section elementor-column elementor-col-33 elementor-top-column elementor-element elementor-element-41a229c\" data-id=\"41a229c\" data-element_type=\"column\" data-e-type=\"column\">\n\t\t\t<div class=\"elementor-widget-wrap elementor-element-populated\">\n\t\t\t\t\t\t<div class=\"elementor-element elementor-element-e5e8aa1 elementor-position-top elementor-widget elementor-widget-image-box\" data-id=\"e5e8aa1\" data-element_type=\"widget\" data-e-type=\"widget\" data-widget_type=\"image-box.default\">\n\t\t\t\t<div class=\"elementor-widget-container\">\n\t\t\t\t\t<div class=\"elementor-image-box-wrapper\"><figure class=\"elementor-image-box-img\"><a href=\"\/wp-content\/uploads\/2023\/03\/Funk_1600_axle.pdf\" tabindex=\"-1\"><img loading=\"lazy\" decoding=\"async\" width=\"300\" height=\"300\" src=\"https:\/\/www.turbo-service.com.ar\/wp-content\/uploads\/2023\/03\/Funk-eje-1600.jpg\" class=\"elementor-animation-grow attachment-full size-full wp-image-1837\" alt=\"\" srcset=\"https:\/\/www.turbo-service.com.ar\/wp-content\/uploads\/2023\/03\/Funk-eje-1600.jpg 300w, https:\/\/www.turbo-service.com.ar\/wp-content\/uploads\/2023\/03\/Funk-eje-1600-150x150.jpg 150w\" \/><\/a><\/figure><\/div>\t\t\t\t<\/div>\n\t\t\t\t<\/div>\n\t\t\t\t\t<\/div>\n\t\t<\/div>\n\t\t\t\t<div class=\"aux-parallax-section elementor-column elementor-col-66 elementor-top-column elementor-element elementor-element-063bc6d\" data-id=\"063bc6d\" data-element_type=\"column\" data-e-type=\"column\">\n\t\t\t<div class=\"elementor-widget-wrap elementor-element-populated\">\n\t\t\t\t\t\t<div class=\"elementor-element elementor-element-2904183 elementor-widget elementor-widget-heading\" data-id=\"2904183\" data-element_type=\"widget\" data-e-type=\"widget\" data-widget_type=\"heading.default\">\n\t\t\t\t<div class=\"elementor-widget-container\">\n\t\t\t\t\t<h4 class=\"elementor-heading-title elementor-size-default\">Serie 1600 - TeamMate II<\/h4>\t\t\t\t<\/div>\n\t\t\t\t<\/div>\n\t\t\t\t<div class=\"elementor-element elementor-element-8b76f6c elementor-widget elementor-widget-text-editor\" data-id=\"8b76f6c\" data-element_type=\"widget\" data-e-type=\"widget\" data-widget_type=\"text-editor.default\">\n\t\t\t\t<div class=\"elementor-widget-container\">\n\t\t\t\t\t\t\t\t\t<ul><li>Torque de salida m\u00e1ximo: 67.700 Nm (600.000 in-lb)<\/li><li>Carga vertical m\u00e1xima: 395.000 N (88.000 lb)<\/li><li>Relaci\u00f3n de reducci\u00f3n: 22,50:1<span lang=\"es\"><br \/><\/span><\/li><\/ul>\t\t\t\t\t\t\t\t<\/div>\n\t\t\t\t<\/div>\n\t\t\t\t<div class=\"elementor-element elementor-element-2fc3f35 elementor-widget elementor-widget-aux_modern_button\" data-id=\"2fc3f35\" data-element_type=\"widget\" data-e-type=\"widget\" data-widget_type=\"aux_modern_button.default\">\n\t\t\t\t<div class=\"elementor-widget-container\">\n\t\t\t\t\t    <div class=\"aux-modern-button-wrapper aux-modern-button-align-center\" >\n                    <a class=\"aux-modern-button aux-black aux-modern-button-xs aux-modern-button-round aux-modern-button-default aux-icon-left\" href=\"\/wp-content\/uploads\/2023\/03\/Funk_1600_axle.pdf\" target=\"_blank\" rel=\"nofollow\">\n                <div class=\"aux-overlay\"><\/div>\n                                    <div class=\"aux-icon \">\n                        <i aria-hidden=\"true\" class=\"auxicon-arrow-down\"><\/i>                    <\/div>\n                                <div class=\"aux-text\">\n<span class=\"aux-text-before\">Especificaciones<\/span>                <\/div>\n            <\/a>\n            \n    <\/div>\n\n    \t\t\t\t<\/div>\n\t\t\t\t<\/div>\n\t\t\t\t\t<\/div>\n\t\t<\/div>\n\t\t\t\t\t<\/div>\n\t\t<\/section>\n\t\t\t\t<\/div>\n\t\t","protected":false},"excerpt":{"rendered":"<p>Ejes TeamMate II &#8211; Funk \/ John Deere Como distribuidor y centro de servicios autorizado, proveemos transmisiones para reposici\u00f3n, repuestos leg\u00edtimos y servicios de mantenimiento y reparaci\u00f3n para toda la gama de modelos de ejes de Funk de John Deere para aplicaciones Off-Highway (Fuera de ruta). Serie 1200 &#8211; TeamMate II Torque de salida m\u00e1ximo: [&hellip;]<\/p>\n","protected":false},"author":1,"featured_media":0,"parent":1598,"menu_order":0,"comment_status":"closed","ping_status":"closed","template":"","meta":{"footnotes":""},"class_list":["post-1793","page","type-page","status-publish","hentry"],"_links":{"self":[{"href":"https:\/\/www.turbo-service.com.ar\/index.php?rest_route=\/wp\/v2\/pages\/1793","targetHints":{"allow":["GET"]}}],"collection":[{"href":"https:\/\/www.turbo-service.com.ar\/index.php?rest_route=\/wp\/v2\/pages"}],"about":[{"href":"https:\/\/www.turbo-service.com.ar\/index.php?rest_route=\/wp\/v2\/types\/page"}],"author":[{"embeddable":true,"href":"https:\/\/www.turbo-service.com.ar\/index.php?rest_route=\/wp\/v2\/users\/1"}],"replies":[{"embeddable":true,"href":"https:\/\/www.turbo-service.com.ar\/index.php?rest_route=%2Fwp%2Fv2%2Fcomments&post=1793"}],"version-history":[{"count":105,"href":"https:\/\/www.turbo-service.com.ar\/index.php?rest_route=\/wp\/v2\/pages\/1793\/revisions"}],"predecessor-version":[{"id":2021,"href":"https:\/\/www.turbo-service.com.ar\/index.php?rest_route=\/wp\/v2\/pages\/1793\/revisions\/2021"}],"up":[{"embeddable":true,"href":"https:\/\/www.turbo-service.com.ar\/index.php?rest_route=\/wp\/v2\/pages\/1598"}],"wp:attachment":[{"href":"https:\/\/www.turbo-service.com.ar\/index.php?rest_route=%2Fwp%2Fv2%2Fmedia&parent=1793"}],"curies":[{"name":"wp","href":"https:\/\/api.w.org\/{rel}","templated":true}]}}