{"id":291,"date":"2020-12-12T13:10:29","date_gmt":"2020-12-12T16:10:29","guid":{"rendered":"https:\/\/www.turbo-service.com.ar\/?page_id=291"},"modified":"2023-03-05T09:52:01","modified_gmt":"2023-03-05T12:52:01","slug":"aplicaciones","status":"publish","type":"page","link":"https:\/\/www.turbo-service.com.ar\/?page_id=291","title":{"rendered":"Aplicaciones &#8211; ES"},"content":{"rendered":"\t\t<div data-elementor-type=\"wp-page\" data-elementor-id=\"291\" class=\"elementor elementor-291\">\n\t\t\t\t\t\t<section class=\"elementor-section elementor-top-section elementor-element elementor-element-59892bb6 elementor-section-full_width elementor-section-content-top elementor-section-stretched elementor-section-height-default elementor-section-height-default\" data-id=\"59892bb6\" data-element_type=\"section\" data-e-type=\"section\" data-settings=\"{&quot;background_background&quot;:&quot;classic&quot;,&quot;shape_divider_bottom&quot;:&quot;mountains&quot;,&quot;stretch_section&quot;:&quot;section-stretched&quot;}\">\n\t\t\t\t\t\t\t<div class=\"elementor-background-overlay\"><\/div>\n\t\t\t\t\t\t<div class=\"elementor-shape elementor-shape-bottom\" aria-hidden=\"true\" data-negative=\"false\">\n\t\t\t<svg xmlns=\"http:\/\/www.w3.org\/2000\/svg\" viewBox=\"0 0 1000 100\" preserveAspectRatio=\"none\">\n\t<path class=\"elementor-shape-fill\" opacity=\"0.33\" d=\"M473,67.3c-203.9,88.3-263.1-34-320.3,0C66,119.1,0,59.7,0,59.7V0h1000v59.7 c0,0-62.1,26.1-94.9,29.3c-32.8,3.3-62.8-12.3-75.8-22.1C806,49.6,745.3,8.7,694.9,4.7S492.4,59,473,67.3z\"\/>\n\t<path class=\"elementor-shape-fill\" opacity=\"0.66\" d=\"M734,67.3c-45.5,0-77.2-23.2-129.1-39.1c-28.6-8.7-150.3-10.1-254,39.1 s-91.7-34.4-149.2,0C115.7,118.3,0,39.8,0,39.8V0h1000v36.5c0,0-28.2-18.5-92.1-18.5C810.2,18.1,775.7,67.3,734,67.3z\"\/>\n\t<path class=\"elementor-shape-fill\" d=\"M766.1,28.9c-200-57.5-266,65.5-395.1,19.5C242,1.8,242,5.4,184.8,20.6C128,35.8,132.3,44.9,89.9,52.5C28.6,63.7,0,0,0,0 h1000c0,0-9.9,40.9-83.6,48.1S829.6,47,766.1,28.9z\"\/>\n<\/svg>\t\t<\/div>\n\t\t\t\t\t<div class=\"elementor-container elementor-column-gap-default\">\n\t\t\t\t\t<div class=\"aux-parallax-section elementor-column elementor-col-100 elementor-top-column elementor-element elementor-element-4425a4ad\" data-id=\"4425a4ad\" data-element_type=\"column\" data-e-type=\"column\">\n\t\t\t<div class=\"elementor-widget-wrap elementor-element-populated\">\n\t\t\t\t\t\t<div class=\"elementor-element elementor-element-4973c02a elementor-widget elementor-widget-heading\" data-id=\"4973c02a\" data-element_type=\"widget\" data-e-type=\"widget\" data-widget_type=\"heading.default\">\n\t\t\t\t<div class=\"elementor-widget-container\">\n\t\t\t\t\t<h2 class=\"elementor-heading-title elementor-size-default\">Aplicaciones<\/h2>\t\t\t\t<\/div>\n\t\t\t\t<\/div>\n\t\t\t\t\t<\/div>\n\t\t<\/div>\n\t\t\t\t\t<\/div>\n\t\t<\/section>\n\t\t\t\t<section class=\"elementor-section elementor-top-section elementor-element elementor-element-470a9a4 elementor-section-boxed elementor-section-height-default elementor-section-height-default\" data-id=\"470a9a4\" data-element_type=\"section\" data-e-type=\"section\">\n\t\t\t\t\t\t<div class=\"elementor-container elementor-column-gap-default\">\n\t\t\t\t\t<div class=\"aux-parallax-section elementor-column elementor-col-25 elementor-top-column elementor-element elementor-element-9d676d5\" data-id=\"9d676d5\" data-element_type=\"column\" data-e-type=\"column\">\n\t\t\t<div class=\"elementor-widget-wrap elementor-element-populated\">\n\t\t\t\t\t\t<div class=\"elementor-element elementor-element-77a9646 elementor-position-top elementor-widget elementor-widget-image-box\" data-id=\"77a9646\" data-element_type=\"widget\" data-e-type=\"widget\" data-widget_type=\"image-box.default\">\n\t\t\t\t<div class=\"elementor-widget-container\">\n\t\t\t\t\t<div class=\"elementor-image-box-wrapper\"><figure class=\"elementor-image-box-img\"><img fetchpriority=\"high\" decoding=\"async\" width=\"300\" height=\"300\" src=\"https:\/\/www.turbo-service.com.ar\/wp-content\/uploads\/2020\/12\/Header_app_ce.jpg\" class=\"elementor-animation-wobble-horizontal attachment-full size-full wp-image-27\" alt=\"\" srcset=\"https:\/\/www.turbo-service.com.ar\/wp-content\/uploads\/2020\/12\/Header_app_ce.jpg 300w, https:\/\/www.turbo-service.com.ar\/wp-content\/uploads\/2020\/12\/Header_app_ce-100x100.jpg 100w, https:\/\/www.turbo-service.com.ar\/wp-content\/uploads\/2020\/12\/Header_app_ce-200x200.jpg 200w, https:\/\/www.turbo-service.com.ar\/wp-content\/uploads\/2020\/12\/Header_app_ce-150x150.jpg 150w\" \/><\/figure><div class=\"elementor-image-box-content\"><h3 class=\"elementor-image-box-title\">Construcci\u00f3n<\/h3><\/div><\/div>\t\t\t\t<\/div>\n\t\t\t\t<\/div>\n\t\t\t\t\t<\/div>\n\t\t<\/div>\n\t\t\t\t<div class=\"aux-parallax-section elementor-column elementor-col-25 elementor-top-column elementor-element elementor-element-0da2731\" data-id=\"0da2731\" data-element_type=\"column\" data-e-type=\"column\">\n\t\t\t<div class=\"elementor-widget-wrap elementor-element-populated\">\n\t\t\t\t\t\t<div class=\"elementor-element elementor-element-60e057d elementor-position-top elementor-widget elementor-widget-image-box\" data-id=\"60e057d\" data-element_type=\"widget\" data-e-type=\"widget\" data-widget_type=\"image-box.default\">\n\t\t\t\t<div class=\"elementor-widget-container\">\n\t\t\t\t\t<div class=\"elementor-image-box-wrapper\"><figure class=\"elementor-image-box-img\"><img decoding=\"async\" width=\"300\" height=\"300\" src=\"https:\/\/www.turbo-service.com.ar\/wp-content\/uploads\/2020\/12\/Header_app_ce2.jpg\" class=\"elementor-animation-wobble-horizontal attachment-full size-full wp-image-25\" alt=\"\" srcset=\"https:\/\/www.turbo-service.com.ar\/wp-content\/uploads\/2020\/12\/Header_app_ce2.jpg 300w, https:\/\/www.turbo-service.com.ar\/wp-content\/uploads\/2020\/12\/Header_app_ce2-100x100.jpg 100w, https:\/\/www.turbo-service.com.ar\/wp-content\/uploads\/2020\/12\/Header_app_ce2-200x200.jpg 200w, https:\/\/www.turbo-service.com.ar\/wp-content\/uploads\/2020\/12\/Header_app_ce2-150x150.jpg 150w\" \/><\/figure><div class=\"elementor-image-box-content\"><h3 class=\"elementor-image-box-title\">Vialidad<\/h3><\/div><\/div>\t\t\t\t<\/div>\n\t\t\t\t<\/div>\n\t\t\t\t\t<\/div>\n\t\t<\/div>\n\t\t\t\t<div class=\"aux-parallax-section elementor-column elementor-col-25 elementor-top-column elementor-element elementor-element-bc9b2a0\" data-id=\"bc9b2a0\" data-element_type=\"column\" data-e-type=\"column\">\n\t\t\t<div class=\"elementor-widget-wrap elementor-element-populated\">\n\t\t\t\t\t\t<div class=\"elementor-element elementor-element-6fbf7d6 elementor-position-top elementor-widget elementor-widget-image-box\" data-id=\"6fbf7d6\" data-element_type=\"widget\" data-e-type=\"widget\" data-widget_type=\"image-box.default\">\n\t\t\t\t<div class=\"elementor-widget-container\">\n\t\t\t\t\t<div class=\"elementor-image-box-wrapper\"><figure class=\"elementor-image-box-img\"><img decoding=\"async\" width=\"300\" height=\"300\" src=\"https:\/\/www.turbo-service.com.ar\/wp-content\/uploads\/2020\/12\/Header_app_lt.jpg\" class=\"elementor-animation-wobble-horizontal attachment-full size-full wp-image-26\" alt=\"\" srcset=\"https:\/\/www.turbo-service.com.ar\/wp-content\/uploads\/2020\/12\/Header_app_lt.jpg 300w, https:\/\/www.turbo-service.com.ar\/wp-content\/uploads\/2020\/12\/Header_app_lt-100x100.jpg 100w, https:\/\/www.turbo-service.com.ar\/wp-content\/uploads\/2020\/12\/Header_app_lt-200x200.jpg 200w, https:\/\/www.turbo-service.com.ar\/wp-content\/uploads\/2020\/12\/Header_app_lt-150x150.jpg 150w\" \/><\/figure><div class=\"elementor-image-box-content\"><h3 class=\"elementor-image-box-title\">Log\u00edstica<\/h3><\/div><\/div>\t\t\t\t<\/div>\n\t\t\t\t<\/div>\n\t\t\t\t\t<\/div>\n\t\t<\/div>\n\t\t\t\t<div class=\"aux-parallax-section elementor-column elementor-col-25 elementor-top-column elementor-element elementor-element-cf3f658\" data-id=\"cf3f658\" data-element_type=\"column\" data-e-type=\"column\">\n\t\t\t<div class=\"elementor-widget-wrap elementor-element-populated\">\n\t\t\t\t\t\t<div class=\"elementor-element elementor-element-1267c91 elementor-position-top elementor-widget elementor-widget-image-box\" data-id=\"1267c91\" data-element_type=\"widget\" data-e-type=\"widget\" data-widget_type=\"image-box.default\">\n\t\t\t\t<div class=\"elementor-widget-container\">\n\t\t\t\t\t<div class=\"elementor-image-box-wrapper\"><figure class=\"elementor-image-box-img\"><img loading=\"lazy\" decoding=\"async\" width=\"300\" height=\"300\" src=\"https:\/\/www.turbo-service.com.ar\/wp-content\/uploads\/2020\/12\/Header_app_minery.jpg\" class=\"elementor-animation-wobble-horizontal attachment-full size-full wp-image-29\" alt=\"\" srcset=\"https:\/\/www.turbo-service.com.ar\/wp-content\/uploads\/2020\/12\/Header_app_minery.jpg 300w, https:\/\/www.turbo-service.com.ar\/wp-content\/uploads\/2020\/12\/Header_app_minery-100x100.jpg 100w, https:\/\/www.turbo-service.com.ar\/wp-content\/uploads\/2020\/12\/Header_app_minery-200x200.jpg 200w, https:\/\/www.turbo-service.com.ar\/wp-content\/uploads\/2020\/12\/Header_app_minery-150x150.jpg 150w\" \/><\/figure><div class=\"elementor-image-box-content\"><h3 class=\"elementor-image-box-title\">Miner\u00eda<\/h3><\/div><\/div>\t\t\t\t<\/div>\n\t\t\t\t<\/div>\n\t\t\t\t\t<\/div>\n\t\t<\/div>\n\t\t\t\t\t<\/div>\n\t\t<\/section>\n\t\t\t\t<section class=\"elementor-section elementor-top-section elementor-element elementor-element-47984121 elementor-section-boxed elementor-section-height-default elementor-section-height-default\" data-id=\"47984121\" data-element_type=\"section\" data-e-type=\"section\">\n\t\t\t\t\t\t<div class=\"elementor-container elementor-column-gap-default\">\n\t\t\t\t\t<div class=\"aux-parallax-section elementor-column elementor-col-25 elementor-top-column elementor-element elementor-element-1a13a6cc\" data-id=\"1a13a6cc\" data-element_type=\"column\" data-e-type=\"column\">\n\t\t\t<div class=\"elementor-widget-wrap elementor-element-populated\">\n\t\t\t\t\t\t<div class=\"elementor-element elementor-element-3f67bead elementor-position-top elementor-widget elementor-widget-image-box\" data-id=\"3f67bead\" data-element_type=\"widget\" data-e-type=\"widget\" data-widget_type=\"image-box.default\">\n\t\t\t\t<div class=\"elementor-widget-container\">\n\t\t\t\t\t<div class=\"elementor-image-box-wrapper\"><figure class=\"elementor-image-box-img\"><img loading=\"lazy\" decoding=\"async\" width=\"300\" height=\"300\" src=\"https:\/\/www.turbo-service.com.ar\/wp-content\/uploads\/2023\/03\/Aplicaciones.jpg\" class=\"elementor-animation-wobble-horizontal attachment-full size-full wp-image-1107\" alt=\"\" srcset=\"https:\/\/www.turbo-service.com.ar\/wp-content\/uploads\/2023\/03\/Aplicaciones.jpg 300w, https:\/\/www.turbo-service.com.ar\/wp-content\/uploads\/2023\/03\/Aplicaciones-150x150.jpg 150w\" \/><\/figure><div class=\"elementor-image-box-content\"><h3 class=\"elementor-image-box-title\">Gr\u00faas<\/h3><\/div><\/div>\t\t\t\t<\/div>\n\t\t\t\t<\/div>\n\t\t\t\t\t<\/div>\n\t\t<\/div>\n\t\t\t\t<div class=\"aux-parallax-section elementor-column elementor-col-25 elementor-top-column elementor-element elementor-element-5d7e8645\" data-id=\"5d7e8645\" data-element_type=\"column\" data-e-type=\"column\">\n\t\t\t<div class=\"elementor-widget-wrap elementor-element-populated\">\n\t\t\t\t\t\t<div class=\"elementor-element elementor-element-379fa88f elementor-position-top elementor-widget elementor-widget-image-box\" data-id=\"379fa88f\" data-element_type=\"widget\" data-e-type=\"widget\" data-widget_type=\"image-box.default\">\n\t\t\t\t<div class=\"elementor-widget-container\">\n\t\t\t\t\t<div class=\"elementor-image-box-wrapper\"><figure class=\"elementor-image-box-img\"><img loading=\"lazy\" decoding=\"async\" width=\"300\" height=\"300\" src=\"https:\/\/www.turbo-service.com.ar\/wp-content\/uploads\/2020\/12\/Header_app_ag.jpg\" class=\"elementor-animation-wobble-horizontal attachment-full size-full wp-image-28\" alt=\"\" srcset=\"https:\/\/www.turbo-service.com.ar\/wp-content\/uploads\/2020\/12\/Header_app_ag.jpg 300w, https:\/\/www.turbo-service.com.ar\/wp-content\/uploads\/2020\/12\/Header_app_ag-100x100.jpg 100w, https:\/\/www.turbo-service.com.ar\/wp-content\/uploads\/2020\/12\/Header_app_ag-200x200.jpg 200w, https:\/\/www.turbo-service.com.ar\/wp-content\/uploads\/2020\/12\/Header_app_ag-150x150.jpg 150w\" \/><\/figure><div class=\"elementor-image-box-content\"><h3 class=\"elementor-image-box-title\">Agr\u00edcolas<\/h3><\/div><\/div>\t\t\t\t<\/div>\n\t\t\t\t<\/div>\n\t\t\t\t\t<\/div>\n\t\t<\/div>\n\t\t\t\t<div class=\"aux-parallax-section elementor-column elementor-col-25 elementor-top-column elementor-element elementor-element-52d49080\" data-id=\"52d49080\" data-element_type=\"column\" data-e-type=\"column\">\n\t\t\t<div class=\"elementor-widget-wrap elementor-element-populated\">\n\t\t\t\t\t\t<div class=\"elementor-element elementor-element-295f58f elementor-position-top elementor-widget elementor-widget-image-box\" data-id=\"295f58f\" data-element_type=\"widget\" data-e-type=\"widget\" data-widget_type=\"image-box.default\">\n\t\t\t\t<div class=\"elementor-widget-container\">\n\t\t\t\t\t<div class=\"elementor-image-box-wrapper\"><figure class=\"elementor-image-box-img\"><img loading=\"lazy\" decoding=\"async\" width=\"300\" height=\"300\" src=\"https:\/\/www.turbo-service.com.ar\/wp-content\/uploads\/2020\/12\/Header_app_rw.jpg\" class=\"elementor-animation-wobble-horizontal attachment-full size-full wp-image-30\" alt=\"\" srcset=\"https:\/\/www.turbo-service.com.ar\/wp-content\/uploads\/2020\/12\/Header_app_rw.jpg 300w, https:\/\/www.turbo-service.com.ar\/wp-content\/uploads\/2020\/12\/Header_app_rw-100x100.jpg 100w, https:\/\/www.turbo-service.com.ar\/wp-content\/uploads\/2020\/12\/Header_app_rw-200x200.jpg 200w, https:\/\/www.turbo-service.com.ar\/wp-content\/uploads\/2020\/12\/Header_app_rw-150x150.jpg 150w\" \/><\/figure><div class=\"elementor-image-box-content\"><h3 class=\"elementor-image-box-title\">Ferroviarias<\/h3><\/div><\/div>\t\t\t\t<\/div>\n\t\t\t\t<\/div>\n\t\t\t\t\t<\/div>\n\t\t<\/div>\n\t\t\t\t<div class=\"aux-parallax-section elementor-column elementor-col-25 elementor-top-column elementor-element elementor-element-442c01f0\" data-id=\"442c01f0\" data-element_type=\"column\" data-e-type=\"column\">\n\t\t\t<div class=\"elementor-widget-wrap elementor-element-populated\">\n\t\t\t\t\t\t<div class=\"elementor-element elementor-element-ef08d7a elementor-position-top elementor-widget elementor-widget-image-box\" data-id=\"ef08d7a\" data-element_type=\"widget\" data-e-type=\"widget\" data-widget_type=\"image-box.default\">\n\t\t\t\t<div class=\"elementor-widget-container\">\n\t\t\t\t\t<div class=\"elementor-image-box-wrapper\"><figure class=\"elementor-image-box-img\"><img loading=\"lazy\" decoding=\"async\" width=\"300\" height=\"300\" src=\"https:\/\/www.turbo-service.com.ar\/wp-content\/uploads\/2023\/03\/Iveco.jpg\" class=\"elementor-animation-wobble-horizontal attachment-full size-full wp-image-1113\" alt=\"\" srcset=\"https:\/\/www.turbo-service.com.ar\/wp-content\/uploads\/2023\/03\/Iveco.jpg 300w, https:\/\/www.turbo-service.com.ar\/wp-content\/uploads\/2023\/03\/Iveco-150x150.jpg 150w\" \/><\/figure><div class=\"elementor-image-box-content\"><h3 class=\"elementor-image-box-title\">Automotriz<\/h3><\/div><\/div>\t\t\t\t<\/div>\n\t\t\t\t<\/div>\n\t\t\t\t\t<\/div>\n\t\t<\/div>\n\t\t\t\t\t<\/div>\n\t\t<\/section>\n\t\t\t\t<\/div>\n\t\t","protected":false},"excerpt":{"rendered":"<p>Aplicaciones Construcci\u00f3n Vialidad Log\u00edstica Miner\u00eda Gr\u00faas Agr\u00edcolas Ferroviarias Automotriz<\/p>\n","protected":false},"author":1,"featured_media":0,"parent":0,"menu_order":0,"comment_status":"closed","ping_status":"closed","template":"","meta":{"footnotes":""},"class_list":["post-291","page","type-page","status-publish","hentry"],"_links":{"self":[{"href":"https:\/\/www.turbo-service.com.ar\/index.php?rest_route=\/wp\/v2\/pages\/291","targetHints":{"allow":["GET"]}}],"collection":[{"href":"https:\/\/www.turbo-service.com.ar\/index.php?rest_route=\/wp\/v2\/pages"}],"about":[{"href":"https:\/\/www.turbo-service.com.ar\/index.php?rest_route=\/wp\/v2\/types\/page"}],"author":[{"embeddable":true,"href":"https:\/\/www.turbo-service.com.ar\/index.php?rest_route=\/wp\/v2\/users\/1"}],"replies":[{"embeddable":true,"href":"https:\/\/www.turbo-service.com.ar\/index.php?rest_route=%2Fwp%2Fv2%2Fcomments&post=291"}],"version-history":[{"count":87,"href":"https:\/\/www.turbo-service.com.ar\/index.php?rest_route=\/wp\/v2\/pages\/291\/revisions"}],"predecessor-version":[{"id":1116,"href":"https:\/\/www.turbo-service.com.ar\/index.php?rest_route=\/wp\/v2\/pages\/291\/revisions\/1116"}],"wp:attachment":[{"href":"https:\/\/www.turbo-service.com.ar\/index.php?rest_route=%2Fwp%2Fv2%2Fmedia&parent=291"}],"curies":[{"name":"wp","href":"https:\/\/api.w.org\/{rel}","templated":true}]}}