{"id":554,"date":"2020-12-13T16:31:16","date_gmt":"2020-12-13T19:31:16","guid":{"rendered":"https:\/\/www.turbo-service.com.ar\/?page_id=554"},"modified":"2023-03-23T00:09:55","modified_gmt":"2023-03-23T03:09:55","slug":"transmisiones-automaticas-jcb-es","status":"publish","type":"page","link":"https:\/\/www.turbo-service.com.ar\/?page_id=554","title":{"rendered":"Transmisiones autom\u00e1ticas JCB &#8211; ES"},"content":{"rendered":"\t\t<div data-elementor-type=\"wp-page\" data-elementor-id=\"554\" class=\"elementor elementor-554\">\n\t\t\t\t\t\t<section class=\"elementor-section elementor-top-section elementor-element elementor-element-727e48e2 elementor-section-full_width elementor-section-content-top elementor-section-stretched elementor-section-height-default elementor-section-height-default\" data-id=\"727e48e2\" data-element_type=\"section\" data-e-type=\"section\" data-settings=\"{&quot;background_background&quot;:&quot;classic&quot;,&quot;shape_divider_bottom&quot;:&quot;mountains&quot;,&quot;stretch_section&quot;:&quot;section-stretched&quot;}\">\n\t\t\t\t\t\t\t<div class=\"elementor-background-overlay\"><\/div>\n\t\t\t\t\t\t<div class=\"elementor-shape elementor-shape-bottom\" aria-hidden=\"true\" data-negative=\"false\">\n\t\t\t<svg xmlns=\"http:\/\/www.w3.org\/2000\/svg\" viewBox=\"0 0 1000 100\" preserveAspectRatio=\"none\">\n\t<path class=\"elementor-shape-fill\" opacity=\"0.33\" d=\"M473,67.3c-203.9,88.3-263.1-34-320.3,0C66,119.1,0,59.7,0,59.7V0h1000v59.7 c0,0-62.1,26.1-94.9,29.3c-32.8,3.3-62.8-12.3-75.8-22.1C806,49.6,745.3,8.7,694.9,4.7S492.4,59,473,67.3z\"\/>\n\t<path class=\"elementor-shape-fill\" opacity=\"0.66\" d=\"M734,67.3c-45.5,0-77.2-23.2-129.1-39.1c-28.6-8.7-150.3-10.1-254,39.1 s-91.7-34.4-149.2,0C115.7,118.3,0,39.8,0,39.8V0h1000v36.5c0,0-28.2-18.5-92.1-18.5C810.2,18.1,775.7,67.3,734,67.3z\"\/>\n\t<path class=\"elementor-shape-fill\" d=\"M766.1,28.9c-200-57.5-266,65.5-395.1,19.5C242,1.8,242,5.4,184.8,20.6C128,35.8,132.3,44.9,89.9,52.5C28.6,63.7,0,0,0,0 h1000c0,0-9.9,40.9-83.6,48.1S829.6,47,766.1,28.9z\"\/>\n<\/svg>\t\t<\/div>\n\t\t\t\t\t<div class=\"elementor-container elementor-column-gap-default\">\n\t\t\t\t\t<div class=\"aux-parallax-section elementor-column elementor-col-100 elementor-top-column elementor-element elementor-element-19257ebf\" data-id=\"19257ebf\" data-element_type=\"column\" data-e-type=\"column\">\n\t\t\t<div class=\"elementor-widget-wrap elementor-element-populated\">\n\t\t\t\t\t\t<div class=\"elementor-element elementor-element-7ff5105e elementor-widget elementor-widget-heading\" data-id=\"7ff5105e\" data-element_type=\"widget\" data-e-type=\"widget\" data-widget_type=\"heading.default\">\n\t\t\t\t<div class=\"elementor-widget-container\">\n\t\t\t\t\t<h3 class=\"elementor-heading-title elementor-size-default\">Transmisiones Autom\u00e1ticas JCB DSL \/ ITL<\/h3>\t\t\t\t<\/div>\n\t\t\t\t<\/div>\n\t\t\t\t<div class=\"elementor-element elementor-element-1cca6543 elementor-widget elementor-widget-text-editor\" data-id=\"1cca6543\" data-element_type=\"widget\" data-e-type=\"widget\" data-widget_type=\"text-editor.default\">\n\t\t\t\t<div class=\"elementor-widget-container\">\n\t\t\t\t\t\t\t\t\t<p><b>Como agente y centro de servicios autorizado, proveemos transmisiones para reposici\u00f3n, repuestos leg\u00edtimos y servicios para mantenimiento de toda la gama de modelos de transmisiones autom\u00e1ticas JCB DSL \/ ITL.<br \/><\/b><\/p>\t\t\t\t\t\t\t\t<\/div>\n\t\t\t\t<\/div>\n\t\t\t\t\t<\/div>\n\t\t<\/div>\n\t\t\t\t\t<\/div>\n\t\t<\/section>\n\t\t\t\t<section class=\"elementor-section elementor-top-section elementor-element elementor-element-7f12a23e elementor-section-content-middle elementor-section-boxed elementor-section-height-default elementor-section-height-default\" data-id=\"7f12a23e\" data-element_type=\"section\" data-e-type=\"section\">\n\t\t\t\t\t\t<div class=\"elementor-container elementor-column-gap-default\">\n\t\t\t\t\t<div class=\"aux-parallax-section elementor-column elementor-col-33 elementor-top-column elementor-element elementor-element-51e4881a\" data-id=\"51e4881a\" data-element_type=\"column\" data-e-type=\"column\">\n\t\t\t<div class=\"elementor-widget-wrap elementor-element-populated\">\n\t\t\t\t\t\t<div class=\"elementor-element elementor-element-112a7793 elementor-position-top elementor-widget elementor-widget-image-box\" data-id=\"112a7793\" data-element_type=\"widget\" data-e-type=\"widget\" data-widget_type=\"image-box.default\">\n\t\t\t\t<div class=\"elementor-widget-container\">\n\t\t\t\t\t<div class=\"elementor-image-box-wrapper\"><figure class=\"elementor-image-box-img\"><img fetchpriority=\"high\" decoding=\"async\" width=\"300\" height=\"300\" src=\"https:\/\/www.turbo-service.com.ar\/wp-content\/uploads\/2020\/12\/Product_JCB3.jpg\" class=\"elementor-animation-grow attachment-full size-full wp-image-10\" alt=\"\" srcset=\"https:\/\/www.turbo-service.com.ar\/wp-content\/uploads\/2020\/12\/Product_JCB3.jpg 300w, https:\/\/www.turbo-service.com.ar\/wp-content\/uploads\/2020\/12\/Product_JCB3-100x100.jpg 100w, https:\/\/www.turbo-service.com.ar\/wp-content\/uploads\/2020\/12\/Product_JCB3-200x200.jpg 200w, https:\/\/www.turbo-service.com.ar\/wp-content\/uploads\/2020\/12\/Product_JCB3-150x150.jpg 150w\" \/><\/figure><\/div>\t\t\t\t<\/div>\n\t\t\t\t<\/div>\n\t\t\t\t\t<\/div>\n\t\t<\/div>\n\t\t\t\t<div class=\"aux-parallax-section elementor-column elementor-col-66 elementor-top-column elementor-element elementor-element-1035e36e\" data-id=\"1035e36e\" data-element_type=\"column\" data-e-type=\"column\">\n\t\t\t<div class=\"elementor-widget-wrap elementor-element-populated\">\n\t\t\t\t\t\t<div class=\"elementor-element elementor-element-39675f35 elementor-widget elementor-widget-heading\" data-id=\"39675f35\" data-element_type=\"widget\" data-e-type=\"widget\" data-widget_type=\"heading.default\">\n\t\t\t\t<div class=\"elementor-widget-container\">\n\t\t\t\t\t<h4 class=\"elementor-heading-title elementor-size-default\">PS750 Series: 115 HP (86 KW)<\/h4>\t\t\t\t<\/div>\n\t\t\t\t<\/div>\n\t\t\t\t<div class=\"elementor-element elementor-element-f354a2d elementor-widget elementor-widget-text-editor\" data-id=\"f354a2d\" data-element_type=\"widget\" data-e-type=\"widget\" data-widget_type=\"text-editor.default\">\n\t\t\t\t<div class=\"elementor-widget-container\">\n\t\t\t\t\t\t\t\t\t<p>La serie PS750 de transmisiones powershift JCB Drivetrain Systems vienen en configuraciones de 4 y 5 velocidades 2WD o 4WD, son de dise\u00f1o compacto y con opci\u00f3n de pump-drive integrado y sistema de gesti\u00f3n electr\u00f3nica opcional.<\/p>\t\t\t\t\t\t\t\t<\/div>\n\t\t\t\t<\/div>\n\t\t\t\t\t<\/div>\n\t\t<\/div>\n\t\t\t\t\t<\/div>\n\t\t<\/section>\n\t\t\t\t<section class=\"elementor-section elementor-top-section elementor-element elementor-element-2eabcce0 elementor-section-content-middle elementor-section-boxed elementor-section-height-default elementor-section-height-default\" data-id=\"2eabcce0\" data-element_type=\"section\" data-e-type=\"section\">\n\t\t\t\t\t\t<div class=\"elementor-container elementor-column-gap-default\">\n\t\t\t\t\t<div class=\"aux-parallax-section elementor-column elementor-col-33 elementor-top-column elementor-element elementor-element-395d450b\" data-id=\"395d450b\" data-element_type=\"column\" data-e-type=\"column\">\n\t\t\t<div class=\"elementor-widget-wrap elementor-element-populated\">\n\t\t\t\t\t\t<div class=\"elementor-element elementor-element-dd076c5 elementor-position-top elementor-widget elementor-widget-image-box\" data-id=\"dd076c5\" data-element_type=\"widget\" data-e-type=\"widget\" data-widget_type=\"image-box.default\">\n\t\t\t\t<div class=\"elementor-widget-container\">\n\t\t\t\t\t<div class=\"elementor-image-box-wrapper\"><figure class=\"elementor-image-box-img\"><img decoding=\"async\" width=\"300\" height=\"300\" src=\"https:\/\/www.turbo-service.com.ar\/wp-content\/uploads\/2020\/12\/Product_JCB2.jpg\" class=\"elementor-animation-grow attachment-full size-full wp-image-15\" alt=\"\" srcset=\"https:\/\/www.turbo-service.com.ar\/wp-content\/uploads\/2020\/12\/Product_JCB2.jpg 300w, https:\/\/www.turbo-service.com.ar\/wp-content\/uploads\/2020\/12\/Product_JCB2-100x100.jpg 100w, https:\/\/www.turbo-service.com.ar\/wp-content\/uploads\/2020\/12\/Product_JCB2-200x200.jpg 200w, https:\/\/www.turbo-service.com.ar\/wp-content\/uploads\/2020\/12\/Product_JCB2-150x150.jpg 150w\" \/><\/figure><\/div>\t\t\t\t<\/div>\n\t\t\t\t<\/div>\n\t\t\t\t\t<\/div>\n\t\t<\/div>\n\t\t\t\t<div class=\"aux-parallax-section elementor-column elementor-col-66 elementor-top-column elementor-element elementor-element-61801981\" data-id=\"61801981\" data-element_type=\"column\" data-e-type=\"column\">\n\t\t\t<div class=\"elementor-widget-wrap elementor-element-populated\">\n\t\t\t\t\t\t<div class=\"elementor-element elementor-element-d3a2f3d elementor-widget elementor-widget-heading\" data-id=\"d3a2f3d\" data-element_type=\"widget\" data-e-type=\"widget\" data-widget_type=\"heading.default\">\n\t\t\t\t<div class=\"elementor-widget-container\">\n\t\t\t\t\t<h4 class=\"elementor-heading-title elementor-size-default\">PS760 Series: 120 HP (90 KW)<\/h4>\t\t\t\t<\/div>\n\t\t\t\t<\/div>\n\t\t\t\t<div class=\"elementor-element elementor-element-444c4240 elementor-widget elementor-widget-text-editor\" data-id=\"444c4240\" data-element_type=\"widget\" data-e-type=\"widget\" data-widget_type=\"text-editor.default\">\n\t\t\t\t<div class=\"elementor-widget-container\">\n\t\t\t\t\t\t\t\t\t<p>La serie PS760 de transmisiones powershift JCB Drivetrain Systems vienen en configuraciones 4WD de 4 y 6 velocidades y con pump-drive integrado y sistema de gesti\u00f3n electr\u00f3nica. Son de dise\u00f1o compacto y con Freno hidr\u00e1ulico interno incluido.<\/p>\t\t\t\t\t\t\t\t<\/div>\n\t\t\t\t<\/div>\n\t\t\t\t\t<\/div>\n\t\t<\/div>\n\t\t\t\t\t<\/div>\n\t\t<\/section>\n\t\t\t\t<section class=\"elementor-section elementor-top-section elementor-element elementor-element-4fb4f9e elementor-section-content-middle elementor-section-boxed elementor-section-height-default elementor-section-height-default\" data-id=\"4fb4f9e\" data-element_type=\"section\" data-e-type=\"section\">\n\t\t\t\t\t\t<div class=\"elementor-container elementor-column-gap-default\">\n\t\t\t\t\t<div class=\"aux-parallax-section elementor-column elementor-col-33 elementor-top-column elementor-element elementor-element-26b98d5\" data-id=\"26b98d5\" data-element_type=\"column\" data-e-type=\"column\">\n\t\t\t<div class=\"elementor-widget-wrap elementor-element-populated\">\n\t\t\t\t\t\t<div class=\"elementor-element elementor-element-d378a09 elementor-position-top elementor-widget elementor-widget-image-box\" data-id=\"d378a09\" data-element_type=\"widget\" data-e-type=\"widget\" data-widget_type=\"image-box.default\">\n\t\t\t\t<div class=\"elementor-widget-container\">\n\t\t\t\t\t<div class=\"elementor-image-box-wrapper\"><figure class=\"elementor-image-box-img\"><img decoding=\"async\" width=\"150\" height=\"150\" src=\"https:\/\/www.turbo-service.com.ar\/wp-content\/uploads\/2020\/12\/product_trans_auto_jcb_SS700.jpg\" class=\"elementor-animation-grow attachment-full size-full wp-image-846\" alt=\"\" srcset=\"https:\/\/www.turbo-service.com.ar\/wp-content\/uploads\/2020\/12\/product_trans_auto_jcb_SS700.jpg 150w, https:\/\/www.turbo-service.com.ar\/wp-content\/uploads\/2020\/12\/product_trans_auto_jcb_SS700-100x100.jpg 100w\" \/><\/figure><\/div>\t\t\t\t<\/div>\n\t\t\t\t<\/div>\n\t\t\t\t\t<\/div>\n\t\t<\/div>\n\t\t\t\t<div class=\"aux-parallax-section elementor-column elementor-col-66 elementor-top-column elementor-element elementor-element-5709b20\" data-id=\"5709b20\" data-element_type=\"column\" data-e-type=\"column\">\n\t\t\t<div class=\"elementor-widget-wrap elementor-element-populated\">\n\t\t\t\t\t\t<div class=\"elementor-element elementor-element-d2fbfb3 elementor-widget elementor-widget-heading\" data-id=\"d2fbfb3\" data-element_type=\"widget\" data-e-type=\"widget\" data-widget_type=\"heading.default\">\n\t\t\t\t<div class=\"elementor-widget-container\">\n\t\t\t\t\t<h4 class=\"elementor-heading-title elementor-size-default\">SS700 Series: 100 HP (75 KW)<\/h4>\t\t\t\t<\/div>\n\t\t\t\t<\/div>\n\t\t\t\t<div class=\"elementor-element elementor-element-830b7d7 elementor-widget elementor-widget-text-editor\" data-id=\"830b7d7\" data-element_type=\"widget\" data-e-type=\"widget\" data-widget_type=\"text-editor.default\">\n\t\t\t\t<div class=\"elementor-widget-container\">\n\t\t\t\t\t\t\t\t\t<p>La serie SS700 de transmisiones Synchromesh\u00a0JCB Drivetrain Systems vienen en configuraciones de<strong> 4 velocidades<\/strong> con tracciones de<strong> 2WD y 4WD.<\/strong><\/p><ul><li>Potencia Nominal: <strong>100 HP<\/strong> (75 KW)<\/li><li>M\u00e1xima velocidad de entrada: <strong>3000 RPM<\/strong><\/li><li>Torque M\u00e1ximo: <strong>750 Nm <\/strong>(550 lbs ft)<\/li><li>Ratios: hasta <strong>6.55:1<\/strong><\/li><\/ul>\t\t\t\t\t\t\t\t<\/div>\n\t\t\t\t<\/div>\n\t\t\t\t\t<\/div>\n\t\t<\/div>\n\t\t\t\t\t<\/div>\n\t\t<\/section>\n\t\t\t\t<section class=\"elementor-section elementor-top-section elementor-element elementor-element-c59c431 elementor-section-content-middle elementor-section-boxed elementor-section-height-default elementor-section-height-default\" data-id=\"c59c431\" data-element_type=\"section\" data-e-type=\"section\">\n\t\t\t\t\t\t<div class=\"elementor-container elementor-column-gap-default\">\n\t\t\t\t\t<div class=\"aux-parallax-section elementor-column elementor-col-33 elementor-top-column elementor-element elementor-element-73df782\" data-id=\"73df782\" data-element_type=\"column\" data-e-type=\"column\">\n\t\t\t<div class=\"elementor-widget-wrap elementor-element-populated\">\n\t\t\t\t\t\t<div class=\"elementor-element elementor-element-1c3d850 elementor-position-top elementor-widget elementor-widget-image-box\" data-id=\"1c3d850\" data-element_type=\"widget\" data-e-type=\"widget\" data-widget_type=\"image-box.default\">\n\t\t\t\t<div class=\"elementor-widget-container\">\n\t\t\t\t\t<div class=\"elementor-image-box-wrapper\"><figure class=\"elementor-image-box-img\"><img loading=\"lazy\" decoding=\"async\" width=\"150\" height=\"150\" src=\"https:\/\/www.turbo-service.com.ar\/wp-content\/uploads\/2020\/12\/product_trans_auto_jcb_SS600.jpg\" class=\"elementor-animation-grow attachment-full size-full wp-image-845\" alt=\"\" srcset=\"https:\/\/www.turbo-service.com.ar\/wp-content\/uploads\/2020\/12\/product_trans_auto_jcb_SS600.jpg 150w, https:\/\/www.turbo-service.com.ar\/wp-content\/uploads\/2020\/12\/product_trans_auto_jcb_SS600-100x100.jpg 100w\" \/><\/figure><\/div>\t\t\t\t<\/div>\n\t\t\t\t<\/div>\n\t\t\t\t\t<\/div>\n\t\t<\/div>\n\t\t\t\t<div class=\"aux-parallax-section elementor-column elementor-col-66 elementor-top-column elementor-element elementor-element-57f80f7\" data-id=\"57f80f7\" data-element_type=\"column\" data-e-type=\"column\">\n\t\t\t<div class=\"elementor-widget-wrap elementor-element-populated\">\n\t\t\t\t\t\t<div class=\"elementor-element elementor-element-b9a4eae elementor-widget elementor-widget-heading\" data-id=\"b9a4eae\" data-element_type=\"widget\" data-e-type=\"widget\" data-widget_type=\"heading.default\">\n\t\t\t\t<div class=\"elementor-widget-container\">\n\t\t\t\t\t<h4 class=\"elementor-heading-title elementor-size-default\">SS600 Series: 100 HP (75 KW)<\/h4>\t\t\t\t<\/div>\n\t\t\t\t<\/div>\n\t\t\t\t<div class=\"elementor-element elementor-element-200c39a elementor-widget elementor-widget-text-editor\" data-id=\"200c39a\" data-element_type=\"widget\" data-e-type=\"widget\" data-widget_type=\"text-editor.default\">\n\t\t\t\t<div class=\"elementor-widget-container\">\n\t\t\t\t\t\t\t\t\t<p>La serie SS600 de transmisiones Synchromesh\u00a0JCB Drivetrain Systems vienen en configuraciones de<strong> 4 velocidades <\/strong> de avance\/retroceso con tracci\u00f3n<strong> 2WD.<\/strong><\/p><ul><li>Potencia Nominal: <strong>100 HP<\/strong> (75 KW)<\/li><li>M\u00e1xima velocidad de entrada: <strong>3000 RPM<\/strong><\/li><li>Torque M\u00e1ximo: <strong>700 Nm <\/strong>(515 lbs ft)<\/li><li>Ratios: hasta <strong>6.55:1<\/strong><\/li><\/ul>\t\t\t\t\t\t\t\t<\/div>\n\t\t\t\t<\/div>\n\t\t\t\t\t<\/div>\n\t\t<\/div>\n\t\t\t\t\t<\/div>\n\t\t<\/section>\n\t\t\t\t<section class=\"elementor-section elementor-top-section elementor-element elementor-element-f9c38ac elementor-section-content-middle elementor-section-boxed elementor-section-height-default elementor-section-height-default\" data-id=\"f9c38ac\" data-element_type=\"section\" data-e-type=\"section\">\n\t\t\t\t\t\t<div class=\"elementor-container elementor-column-gap-default\">\n\t\t\t\t\t<div class=\"aux-parallax-section elementor-column elementor-col-33 elementor-top-column elementor-element elementor-element-d7734fb\" data-id=\"d7734fb\" data-element_type=\"column\" data-e-type=\"column\">\n\t\t\t<div class=\"elementor-widget-wrap elementor-element-populated\">\n\t\t\t\t\t\t<div class=\"elementor-element elementor-element-bcf1d72 elementor-position-top elementor-widget elementor-widget-image-box\" data-id=\"bcf1d72\" data-element_type=\"widget\" data-e-type=\"widget\" data-widget_type=\"image-box.default\">\n\t\t\t\t<div class=\"elementor-widget-container\">\n\t\t\t\t\t<div class=\"elementor-image-box-wrapper\"><figure class=\"elementor-image-box-img\"><img loading=\"lazy\" decoding=\"async\" width=\"150\" height=\"150\" src=\"https:\/\/www.turbo-service.com.ar\/wp-content\/uploads\/2020\/12\/product_trans_auto_jcb_SS500.jpg\" class=\"elementor-animation-grow attachment-full size-full wp-image-844\" alt=\"\" srcset=\"https:\/\/www.turbo-service.com.ar\/wp-content\/uploads\/2020\/12\/product_trans_auto_jcb_SS500.jpg 150w, https:\/\/www.turbo-service.com.ar\/wp-content\/uploads\/2020\/12\/product_trans_auto_jcb_SS500-100x100.jpg 100w\" \/><\/figure><\/div>\t\t\t\t<\/div>\n\t\t\t\t<\/div>\n\t\t\t\t\t<\/div>\n\t\t<\/div>\n\t\t\t\t<div class=\"aux-parallax-section elementor-column elementor-col-66 elementor-top-column elementor-element elementor-element-8efc259\" data-id=\"8efc259\" data-element_type=\"column\" data-e-type=\"column\">\n\t\t\t<div class=\"elementor-widget-wrap elementor-element-populated\">\n\t\t\t\t\t\t<div class=\"elementor-element elementor-element-1f61f09 elementor-widget elementor-widget-heading\" data-id=\"1f61f09\" data-element_type=\"widget\" data-e-type=\"widget\" data-widget_type=\"heading.default\">\n\t\t\t\t<div class=\"elementor-widget-container\">\n\t\t\t\t\t<h4 class=\"elementor-heading-title elementor-size-default\">SS500 Series: 80 HP (60 KW)<\/h4>\t\t\t\t<\/div>\n\t\t\t\t<\/div>\n\t\t\t\t<div class=\"elementor-element elementor-element-4a3bd51 elementor-widget elementor-widget-text-editor\" data-id=\"4a3bd51\" data-element_type=\"widget\" data-e-type=\"widget\" data-widget_type=\"text-editor.default\">\n\t\t\t\t<div class=\"elementor-widget-container\">\n\t\t\t\t\t\t\t\t\t<p>La serie SS500 de transmisiones Synchromesh\u00a0JCB Drivetrain Systems vienen en configuraciones de<strong> 4 velocidades <\/strong>de avance\/retroceso con tracci\u00f3n<strong> 4WD<\/strong> y salida PTO opcional.<\/p><ul><li>Potencia Nominal: <strong>80 HP<\/strong> (60 KW)<\/li><li>M\u00e1xima velocidad de entrada: <strong>3000 RPM<\/strong><\/li><li>Torque M\u00e1ximo: <strong>500 Nm <\/strong>(370 lbs ft)<\/li><li>Ratios: hasta <strong>7.99:1<\/strong><\/li><\/ul>\t\t\t\t\t\t\t\t<\/div>\n\t\t\t\t<\/div>\n\t\t\t\t\t<\/div>\n\t\t<\/div>\n\t\t\t\t\t<\/div>\n\t\t<\/section>\n\t\t\t\t<\/div>\n\t\t","protected":false},"excerpt":{"rendered":"<p>Transmisiones Autom\u00e1ticas JCB DSL \/ ITL Como agente y centro de servicios autorizado, proveemos transmisiones para reposici\u00f3n, repuestos leg\u00edtimos y servicios para mantenimiento de toda la gama de modelos de transmisiones autom\u00e1ticas JCB DSL \/ ITL. PS750 Series: 115 HP (86 KW) La serie PS750 de transmisiones powershift JCB Drivetrain Systems vienen en configuraciones de [&hellip;]<\/p>\n","protected":false},"author":1,"featured_media":0,"parent":516,"menu_order":0,"comment_status":"closed","ping_status":"closed","template":"","meta":{"footnotes":""},"class_list":["post-554","page","type-page","status-publish","hentry"],"_links":{"self":[{"href":"https:\/\/www.turbo-service.com.ar\/index.php?rest_route=\/wp\/v2\/pages\/554","targetHints":{"allow":["GET"]}}],"collection":[{"href":"https:\/\/www.turbo-service.com.ar\/index.php?rest_route=\/wp\/v2\/pages"}],"about":[{"href":"https:\/\/www.turbo-service.com.ar\/index.php?rest_route=\/wp\/v2\/types\/page"}],"author":[{"embeddable":true,"href":"https:\/\/www.turbo-service.com.ar\/index.php?rest_route=\/wp\/v2\/users\/1"}],"replies":[{"embeddable":true,"href":"https:\/\/www.turbo-service.com.ar\/index.php?rest_route=%2Fwp%2Fv2%2Fcomments&post=554"}],"version-history":[{"count":34,"href":"https:\/\/www.turbo-service.com.ar\/index.php?rest_route=\/wp\/v2\/pages\/554\/revisions"}],"predecessor-version":[{"id":2015,"href":"https:\/\/www.turbo-service.com.ar\/index.php?rest_route=\/wp\/v2\/pages\/554\/revisions\/2015"}],"up":[{"embeddable":true,"href":"https:\/\/www.turbo-service.com.ar\/index.php?rest_route=\/wp\/v2\/pages\/516"}],"wp:attachment":[{"href":"https:\/\/www.turbo-service.com.ar\/index.php?rest_route=%2Fwp%2Fv2%2Fmedia&parent=554"}],"curies":[{"name":"wp","href":"https:\/\/api.w.org\/{rel}","templated":true}]}}