{"id":617,"date":"2020-12-19T10:42:36","date_gmt":"2020-12-19T13:42:36","guid":{"rendered":"https:\/\/www.turbo-service.com.ar\/?page_id=617"},"modified":"2023-03-22T22:26:44","modified_gmt":"2023-03-23T01:26:44","slug":"transmisiones-hidrostaticas-funk-es","status":"publish","type":"page","link":"https:\/\/www.turbo-service.com.ar\/?page_id=617","title":{"rendered":"Transmisiones hidrost\u00e1ticas FUNK \u2013 ES"},"content":{"rendered":"\t\t<div data-elementor-type=\"wp-page\" data-elementor-id=\"617\" class=\"elementor elementor-617\">\n\t\t\t\t\t\t<section class=\"elementor-section elementor-top-section elementor-element elementor-element-13266a3e elementor-section-full_width elementor-section-content-top elementor-section-stretched elementor-section-height-default elementor-section-height-default\" data-id=\"13266a3e\" data-element_type=\"section\" data-e-type=\"section\" data-settings=\"{&quot;background_background&quot;:&quot;classic&quot;,&quot;shape_divider_bottom&quot;:&quot;mountains&quot;,&quot;stretch_section&quot;:&quot;section-stretched&quot;}\">\n\t\t\t\t\t\t\t<div class=\"elementor-background-overlay\"><\/div>\n\t\t\t\t\t\t<div class=\"elementor-shape elementor-shape-bottom\" aria-hidden=\"true\" data-negative=\"false\">\n\t\t\t<svg xmlns=\"http:\/\/www.w3.org\/2000\/svg\" viewBox=\"0 0 1000 100\" preserveAspectRatio=\"none\">\n\t<path class=\"elementor-shape-fill\" opacity=\"0.33\" d=\"M473,67.3c-203.9,88.3-263.1-34-320.3,0C66,119.1,0,59.7,0,59.7V0h1000v59.7 c0,0-62.1,26.1-94.9,29.3c-32.8,3.3-62.8-12.3-75.8-22.1C806,49.6,745.3,8.7,694.9,4.7S492.4,59,473,67.3z\"\/>\n\t<path class=\"elementor-shape-fill\" opacity=\"0.66\" d=\"M734,67.3c-45.5,0-77.2-23.2-129.1-39.1c-28.6-8.7-150.3-10.1-254,39.1 s-91.7-34.4-149.2,0C115.7,118.3,0,39.8,0,39.8V0h1000v36.5c0,0-28.2-18.5-92.1-18.5C810.2,18.1,775.7,67.3,734,67.3z\"\/>\n\t<path class=\"elementor-shape-fill\" d=\"M766.1,28.9c-200-57.5-266,65.5-395.1,19.5C242,1.8,242,5.4,184.8,20.6C128,35.8,132.3,44.9,89.9,52.5C28.6,63.7,0,0,0,0 h1000c0,0-9.9,40.9-83.6,48.1S829.6,47,766.1,28.9z\"\/>\n<\/svg>\t\t<\/div>\n\t\t\t\t\t<div class=\"elementor-container elementor-column-gap-default\">\n\t\t\t\t\t<div class=\"aux-parallax-section elementor-column elementor-col-100 elementor-top-column elementor-element elementor-element-5ecb2e83\" data-id=\"5ecb2e83\" data-element_type=\"column\" data-e-type=\"column\">\n\t\t\t<div class=\"elementor-widget-wrap elementor-element-populated\">\n\t\t\t\t\t\t<div class=\"elementor-element elementor-element-2fc1022c elementor-widget elementor-widget-heading\" data-id=\"2fc1022c\" data-element_type=\"widget\" data-e-type=\"widget\" data-widget_type=\"heading.default\">\n\t\t\t\t<div class=\"elementor-widget-container\">\n\t\t\t\t\t<h3 class=\"elementor-heading-title elementor-size-default\">Transmisiones Hidrost\u00e1ticas FUNK<\/h3>\t\t\t\t<\/div>\n\t\t\t\t<\/div>\n\t\t\t\t<div class=\"elementor-element elementor-element-aa8db0b elementor-widget elementor-widget-text-editor\" data-id=\"aa8db0b\" data-element_type=\"widget\" data-e-type=\"widget\" data-widget_type=\"text-editor.default\">\n\t\t\t\t<div class=\"elementor-widget-container\">\n\t\t\t\t\t\t\t\t\t<p><b>Como distribuidor y centro de servicios autorizado, proveemos transmisiones para reposici\u00f3n, repuestos leg\u00edtimos y servicios de mantenimiento y reparaci\u00f3n para toda la gama de modelos de transmisiones hidrost\u00e1ticas FUNK fabricadas por John Deere.<\/b><\/p>\t\t\t\t\t\t\t\t<\/div>\n\t\t\t\t<\/div>\n\t\t\t\t\t<\/div>\n\t\t<\/div>\n\t\t\t\t\t<\/div>\n\t\t<\/section>\n\t\t\t\t<section class=\"elementor-section elementor-top-section elementor-element elementor-element-da829b7 elementor-section-boxed elementor-section-height-default elementor-section-height-default\" data-id=\"da829b7\" data-element_type=\"section\" data-e-type=\"section\">\n\t\t\t\t\t\t<div class=\"elementor-container elementor-column-gap-default\">\n\t\t\t\t\t<div class=\"aux-parallax-section elementor-column elementor-col-100 elementor-top-column elementor-element elementor-element-455d1e0\" data-id=\"455d1e0\" data-element_type=\"column\" data-e-type=\"column\">\n\t\t\t<div class=\"elementor-widget-wrap elementor-element-populated\">\n\t\t\t\t\t\t<div class=\"elementor-element elementor-element-a4bc530 elementor-widget elementor-widget-text-editor\" data-id=\"a4bc530\" data-element_type=\"widget\" data-e-type=\"widget\" data-widget_type=\"text-editor.default\">\n\t\t\t\t<div class=\"elementor-widget-container\">\n\t\t\t\t\t\t\t\t\t<p>Las series de transmisiones hidrost\u00e1ticas Funk poseen sistemas de engranajes helicoidales de alto indice de contacto y son dise\u00f1adas para brindar a la aplicaci\u00f3n la capacidad de trabajar a una m\u00ednima velocidad con m\u00e1ximo torque como tambi\u00e9n desplazarse r\u00e1pidamente con m\u00e1xima eficiencia manteniendo un amplio margen de velocidades en cada marcha gracias a su gesti\u00f3n electr\u00f3nica e hidr\u00e1ulica de avanzada.<\/p>\t\t\t\t\t\t\t\t<\/div>\n\t\t\t\t<\/div>\n\t\t\t\t\t<\/div>\n\t\t<\/div>\n\t\t\t\t\t<\/div>\n\t\t<\/section>\n\t\t\t\t<section class=\"elementor-section elementor-top-section elementor-element elementor-element-08b7de0 elementor-section-content-middle elementor-section-boxed elementor-section-height-default elementor-section-height-default\" data-id=\"08b7de0\" data-element_type=\"section\" data-e-type=\"section\">\n\t\t\t\t\t\t<div class=\"elementor-container elementor-column-gap-default\">\n\t\t\t\t\t<div class=\"aux-parallax-section elementor-column elementor-col-33 elementor-top-column elementor-element elementor-element-eb610e7\" data-id=\"eb610e7\" data-element_type=\"column\" data-e-type=\"column\">\n\t\t\t<div class=\"elementor-widget-wrap elementor-element-populated\">\n\t\t\t\t\t\t<div class=\"elementor-element elementor-element-dd063c0 elementor-position-top elementor-widget elementor-widget-image-box\" data-id=\"dd063c0\" data-element_type=\"widget\" data-e-type=\"widget\" data-widget_type=\"image-box.default\">\n\t\t\t\t<div class=\"elementor-widget-container\">\n\t\t\t\t\t<div class=\"elementor-image-box-wrapper\"><figure class=\"elementor-image-box-img\"><img fetchpriority=\"high\" decoding=\"async\" width=\"300\" height=\"300\" src=\"https:\/\/www.turbo-service.com.ar\/wp-content\/uploads\/2023\/03\/Funk-HS17000.jpg\" class=\"elementor-animation-grow attachment-full size-full wp-image-1994\" alt=\"\" srcset=\"https:\/\/www.turbo-service.com.ar\/wp-content\/uploads\/2023\/03\/Funk-HS17000.jpg 300w, https:\/\/www.turbo-service.com.ar\/wp-content\/uploads\/2023\/03\/Funk-HS17000-150x150.jpg 150w\" \/><\/figure><\/div>\t\t\t\t<\/div>\n\t\t\t\t<\/div>\n\t\t\t\t\t<\/div>\n\t\t<\/div>\n\t\t\t\t<div class=\"aux-parallax-section elementor-column elementor-col-66 elementor-top-column elementor-element elementor-element-2e00c93\" data-id=\"2e00c93\" data-element_type=\"column\" data-e-type=\"column\">\n\t\t\t<div class=\"elementor-widget-wrap elementor-element-populated\">\n\t\t\t\t\t\t<div class=\"elementor-element elementor-element-64dec55 elementor-widget elementor-widget-heading\" data-id=\"64dec55\" data-element_type=\"widget\" data-e-type=\"widget\" data-widget_type=\"heading.default\">\n\t\t\t\t<div class=\"elementor-widget-container\">\n\t\t\t\t\t<h4 class=\"elementor-heading-title elementor-size-default\">HS17000 Series: 125 HP (93 KW)<\/h4>\t\t\t\t<\/div>\n\t\t\t\t<\/div>\n\t\t\t\t<div class=\"elementor-element elementor-element-d891528 elementor-widget elementor-widget-text-editor\" data-id=\"d891528\" data-element_type=\"widget\" data-e-type=\"widget\" data-widget_type=\"text-editor.default\">\n\t\t\t\t<div class=\"elementor-widget-container\">\n\t\t\t\t\t\t\t\t\t<div dir=\"ltr\">Marchas: <strong>2 velocidades<\/strong><\/div><div dir=\"ltr\">Potencia m\u00e1xima admitida:<strong> 125 HP (93 KW)<\/strong><\/div><div dir=\"ltr\">Velocidad de entrada m\u00e1xima del motor: <strong>4.300 RPM<\/strong><\/div><div dir=\"ltr\">Torque m\u00e1ximo de entrada:<strong> 1017 Nm (750 lb-ft)<\/strong><\/div><div dir=\"ltr\">Acople del Motor: <strong>SAE C &amp; D.<\/strong><\/div>\t\t\t\t\t\t\t\t<\/div>\n\t\t\t\t<\/div>\n\t\t\t\t\t<\/div>\n\t\t<\/div>\n\t\t\t\t\t<\/div>\n\t\t<\/section>\n\t\t\t\t<section class=\"elementor-section elementor-top-section elementor-element elementor-element-69ac8ec elementor-section-content-middle elementor-section-boxed elementor-section-height-default elementor-section-height-default\" data-id=\"69ac8ec\" data-element_type=\"section\" data-e-type=\"section\">\n\t\t\t\t\t\t<div class=\"elementor-container elementor-column-gap-default\">\n\t\t\t\t\t<div class=\"aux-parallax-section elementor-column elementor-col-33 elementor-top-column elementor-element elementor-element-204ab5b\" data-id=\"204ab5b\" data-element_type=\"column\" data-e-type=\"column\">\n\t\t\t<div class=\"elementor-widget-wrap elementor-element-populated\">\n\t\t\t\t\t\t<div class=\"elementor-element elementor-element-142bd93 elementor-position-top elementor-widget elementor-widget-image-box\" data-id=\"142bd93\" data-element_type=\"widget\" data-e-type=\"widget\" data-widget_type=\"image-box.default\">\n\t\t\t\t<div class=\"elementor-widget-container\">\n\t\t\t\t\t<div class=\"elementor-image-box-wrapper\"><figure class=\"elementor-image-box-img\"><img decoding=\"async\" width=\"300\" height=\"300\" src=\"https:\/\/www.turbo-service.com.ar\/wp-content\/uploads\/2023\/03\/Funk-HMD33000.jpg\" class=\"elementor-animation-grow attachment-full size-full wp-image-1971\" alt=\"\" srcset=\"https:\/\/www.turbo-service.com.ar\/wp-content\/uploads\/2023\/03\/Funk-HMD33000.jpg 300w, https:\/\/www.turbo-service.com.ar\/wp-content\/uploads\/2023\/03\/Funk-HMD33000-150x150.jpg 150w\" \/><\/figure><\/div>\t\t\t\t<\/div>\n\t\t\t\t<\/div>\n\t\t\t\t\t<\/div>\n\t\t<\/div>\n\t\t\t\t<div class=\"aux-parallax-section elementor-column elementor-col-66 elementor-top-column elementor-element elementor-element-0d96782\" data-id=\"0d96782\" data-element_type=\"column\" data-e-type=\"column\">\n\t\t\t<div class=\"elementor-widget-wrap elementor-element-populated\">\n\t\t\t\t\t\t<div class=\"elementor-element elementor-element-54707ee elementor-widget elementor-widget-heading\" data-id=\"54707ee\" data-element_type=\"widget\" data-e-type=\"widget\" data-widget_type=\"heading.default\">\n\t\t\t\t<div class=\"elementor-widget-container\">\n\t\t\t\t\t<h4 class=\"elementor-heading-title elementor-size-default\">33000 Series: 135 HP (101 KW)<\/h4>\t\t\t\t<\/div>\n\t\t\t\t<\/div>\n\t\t\t\t<div class=\"elementor-element elementor-element-78676b6 elementor-widget elementor-widget-text-editor\" data-id=\"78676b6\" data-element_type=\"widget\" data-e-type=\"widget\" data-widget_type=\"text-editor.default\">\n\t\t\t\t<div class=\"elementor-widget-container\">\n\t\t\t\t\t\t\t\t\t<div class=\"almost_half_cell\"><div dir=\"ltr\">Marchas: <strong>4 velocidades.<\/strong><\/div><div dir=\"ltr\">Potencia m\u00e1xima admitida: <strong>135 HP (101 KW)<\/strong><\/div><div dir=\"ltr\">Velocidad de entrada m\u00e1xima del motor: <strong>2.400 RPM<\/strong><\/div><div dir=\"ltr\">Torque m\u00e1ximo de entrada: <strong>407 Nm (300 lb-ft)<\/strong><\/div><div dir=\"ltr\">Acople del Motor: <strong>SAE C &amp; D.<\/strong><\/div><\/div><p><span lang=\"es\">\u00a0<\/span><\/p>\t\t\t\t\t\t\t\t<\/div>\n\t\t\t\t<\/div>\n\t\t\t\t\t<\/div>\n\t\t<\/div>\n\t\t\t\t\t<\/div>\n\t\t<\/section>\n\t\t\t\t<section class=\"elementor-section elementor-top-section elementor-element elementor-element-4bccc225 elementor-section-content-middle elementor-section-boxed elementor-section-height-default elementor-section-height-default\" data-id=\"4bccc225\" data-element_type=\"section\" data-e-type=\"section\">\n\t\t\t\t\t\t<div class=\"elementor-container elementor-column-gap-default\">\n\t\t\t\t\t<div class=\"aux-parallax-section elementor-column elementor-col-33 elementor-top-column elementor-element elementor-element-5577b0f5\" data-id=\"5577b0f5\" data-element_type=\"column\" data-e-type=\"column\">\n\t\t\t<div class=\"elementor-widget-wrap elementor-element-populated\">\n\t\t\t\t\t\t<div class=\"elementor-element elementor-element-5c08e458 elementor-position-top elementor-widget elementor-widget-image-box\" data-id=\"5c08e458\" data-element_type=\"widget\" data-e-type=\"widget\" data-widget_type=\"image-box.default\">\n\t\t\t\t<div class=\"elementor-widget-container\">\n\t\t\t\t\t<div class=\"elementor-image-box-wrapper\"><figure class=\"elementor-image-box-img\"><img decoding=\"async\" width=\"300\" height=\"300\" src=\"https:\/\/www.turbo-service.com.ar\/wp-content\/uploads\/2023\/03\/Funk-HMD18000.jpg\" class=\"elementor-animation-grow attachment-full size-full wp-image-1977\" alt=\"\" srcset=\"https:\/\/www.turbo-service.com.ar\/wp-content\/uploads\/2023\/03\/Funk-HMD18000.jpg 300w, https:\/\/www.turbo-service.com.ar\/wp-content\/uploads\/2023\/03\/Funk-HMD18000-150x150.jpg 150w\" \/><\/figure><\/div>\t\t\t\t<\/div>\n\t\t\t\t<\/div>\n\t\t\t\t\t<\/div>\n\t\t<\/div>\n\t\t\t\t<div class=\"aux-parallax-section elementor-column elementor-col-66 elementor-top-column elementor-element elementor-element-77297d5f\" data-id=\"77297d5f\" data-element_type=\"column\" data-e-type=\"column\">\n\t\t\t<div class=\"elementor-widget-wrap elementor-element-populated\">\n\t\t\t\t\t\t<div class=\"elementor-element elementor-element-59cea26 elementor-widget elementor-widget-heading\" data-id=\"59cea26\" data-element_type=\"widget\" data-e-type=\"widget\" data-widget_type=\"heading.default\">\n\t\t\t\t<div class=\"elementor-widget-container\">\n\t\t\t\t\t<h4 class=\"elementor-heading-title elementor-size-default\">18000 Series: 200 HP (149 KW)<\/h4>\t\t\t\t<\/div>\n\t\t\t\t<\/div>\n\t\t\t\t<div class=\"elementor-element elementor-element-6b133d45 elementor-widget elementor-widget-text-editor\" data-id=\"6b133d45\" data-element_type=\"widget\" data-e-type=\"widget\" data-widget_type=\"text-editor.default\">\n\t\t\t\t<div class=\"elementor-widget-container\">\n\t\t\t\t\t\t\t\t\t<div dir=\"ltr\">Marchas:<strong> 2 velocidades<\/strong><\/div><div dir=\"ltr\">Potencia m\u00e1xima admitida:<strong> 200 HP (149 KW)<\/strong><\/div><div dir=\"ltr\">Velocidad de entrada m\u00e1xima del motor: <strong>4.000 RPM<\/strong><\/div><div dir=\"ltr\">Torque m\u00e1ximo de entrada: <strong>949 Nm (700 lb-ft)<\/strong><\/div><div dir=\"ltr\">Acople del Motor:<strong> SAE C &amp; D.<\/strong><\/div>\t\t\t\t\t\t\t\t<\/div>\n\t\t\t\t<\/div>\n\t\t\t\t\t<\/div>\n\t\t<\/div>\n\t\t\t\t\t<\/div>\n\t\t<\/section>\n\t\t\t\t<section class=\"elementor-section elementor-top-section elementor-element elementor-element-6127c495 elementor-section-content-middle elementor-section-boxed elementor-section-height-default elementor-section-height-default\" data-id=\"6127c495\" data-element_type=\"section\" data-e-type=\"section\">\n\t\t\t\t\t\t<div class=\"elementor-container elementor-column-gap-default\">\n\t\t\t\t\t<div class=\"aux-parallax-section elementor-column elementor-col-33 elementor-top-column elementor-element elementor-element-7485f2c0\" data-id=\"7485f2c0\" data-element_type=\"column\" data-e-type=\"column\">\n\t\t\t<div class=\"elementor-widget-wrap elementor-element-populated\">\n\t\t\t\t\t\t<div class=\"elementor-element elementor-element-523ccc10 elementor-position-top elementor-widget elementor-widget-image-box\" data-id=\"523ccc10\" data-element_type=\"widget\" data-e-type=\"widget\" data-widget_type=\"image-box.default\">\n\t\t\t\t<div class=\"elementor-widget-container\">\n\t\t\t\t\t<div class=\"elementor-image-box-wrapper\"><figure class=\"elementor-image-box-img\"><img loading=\"lazy\" decoding=\"async\" width=\"300\" height=\"300\" src=\"https:\/\/www.turbo-service.com.ar\/wp-content\/uploads\/2023\/03\/Funk-HMD23000.jpg\" class=\"elementor-animation-grow attachment-full size-full wp-image-1970\" alt=\"\" srcset=\"https:\/\/www.turbo-service.com.ar\/wp-content\/uploads\/2023\/03\/Funk-HMD23000.jpg 300w, https:\/\/www.turbo-service.com.ar\/wp-content\/uploads\/2023\/03\/Funk-HMD23000-150x150.jpg 150w\" \/><\/figure><\/div>\t\t\t\t<\/div>\n\t\t\t\t<\/div>\n\t\t\t\t\t<\/div>\n\t\t<\/div>\n\t\t\t\t<div class=\"aux-parallax-section elementor-column elementor-col-66 elementor-top-column elementor-element elementor-element-1fcc3974\" data-id=\"1fcc3974\" data-element_type=\"column\" data-e-type=\"column\">\n\t\t\t<div class=\"elementor-widget-wrap elementor-element-populated\">\n\t\t\t\t\t\t<div class=\"elementor-element elementor-element-20629210 elementor-widget elementor-widget-heading\" data-id=\"20629210\" data-element_type=\"widget\" data-e-type=\"widget\" data-widget_type=\"heading.default\">\n\t\t\t\t<div class=\"elementor-widget-container\">\n\t\t\t\t\t<h4 class=\"elementor-heading-title elementor-size-default\">23000 Series: 100 HP (75 KW)<\/h4>\t\t\t\t<\/div>\n\t\t\t\t<\/div>\n\t\t\t\t<div class=\"elementor-element elementor-element-3b411dbb elementor-widget elementor-widget-text-editor\" data-id=\"3b411dbb\" data-element_type=\"widget\" data-e-type=\"widget\" data-widget_type=\"text-editor.default\">\n\t\t\t\t<div class=\"elementor-widget-container\">\n\t\t\t\t\t\t\t\t\t<div class=\"almost_half_cell\"><div dir=\"ltr\">Marchas:<strong> 3 y 4 velocidades.<\/strong><\/div><div dir=\"ltr\">Potencia m\u00e1xima admitida: <strong>100 HP (75 KW)<\/strong><\/div><div dir=\"ltr\">Velocidad de entrada m\u00e1xima del motor: <strong>3.000 RPM<\/strong><\/div><div dir=\"ltr\">Torque m\u00e1ximo de entrada: <strong>271 Nm (200 lb-ft)<\/strong><\/div><div dir=\"ltr\">Acople del Motor: <strong>SAE C &amp; D.<\/strong><\/div><\/div>\t\t\t\t\t\t\t\t<\/div>\n\t\t\t\t<\/div>\n\t\t\t\t\t<\/div>\n\t\t<\/div>\n\t\t\t\t\t<\/div>\n\t\t<\/section>\n\t\t\t\t<section class=\"elementor-section elementor-top-section elementor-element elementor-element-1b0a876 elementor-section-content-middle elementor-section-boxed elementor-section-height-default elementor-section-height-default\" data-id=\"1b0a876\" data-element_type=\"section\" data-e-type=\"section\">\n\t\t\t\t\t\t<div class=\"elementor-container elementor-column-gap-default\">\n\t\t\t\t\t<div class=\"aux-parallax-section elementor-column elementor-col-33 elementor-top-column elementor-element elementor-element-0121af6\" data-id=\"0121af6\" data-element_type=\"column\" data-e-type=\"column\">\n\t\t\t<div class=\"elementor-widget-wrap elementor-element-populated\">\n\t\t\t\t\t\t<div class=\"elementor-element elementor-element-37c067c elementor-position-top elementor-widget elementor-widget-image-box\" data-id=\"37c067c\" data-element_type=\"widget\" data-e-type=\"widget\" data-widget_type=\"image-box.default\">\n\t\t\t\t<div class=\"elementor-widget-container\">\n\t\t\t\t\t<div class=\"elementor-image-box-wrapper\"><figure class=\"elementor-image-box-img\"><img loading=\"lazy\" decoding=\"async\" width=\"300\" height=\"300\" src=\"https:\/\/www.turbo-service.com.ar\/wp-content\/uploads\/2023\/03\/Funk-HMD12700.jpg\" class=\"elementor-animation-grow attachment-full size-full wp-image-1975\" alt=\"\" srcset=\"https:\/\/www.turbo-service.com.ar\/wp-content\/uploads\/2023\/03\/Funk-HMD12700.jpg 300w, https:\/\/www.turbo-service.com.ar\/wp-content\/uploads\/2023\/03\/Funk-HMD12700-150x150.jpg 150w\" \/><\/figure><\/div>\t\t\t\t<\/div>\n\t\t\t\t<\/div>\n\t\t\t\t\t<\/div>\n\t\t<\/div>\n\t\t\t\t<div class=\"aux-parallax-section elementor-column elementor-col-66 elementor-top-column elementor-element elementor-element-686b36f\" data-id=\"686b36f\" data-element_type=\"column\" data-e-type=\"column\">\n\t\t\t<div class=\"elementor-widget-wrap elementor-element-populated\">\n\t\t\t\t\t\t<div class=\"elementor-element elementor-element-0dfa750 elementor-widget elementor-widget-heading\" data-id=\"0dfa750\" data-element_type=\"widget\" data-e-type=\"widget\" data-widget_type=\"heading.default\">\n\t\t\t\t<div class=\"elementor-widget-container\">\n\t\t\t\t\t<h4 class=\"elementor-heading-title elementor-size-default\">12700 Series: 140 HP (104 KW)<\/h4>\t\t\t\t<\/div>\n\t\t\t\t<\/div>\n\t\t\t\t<div class=\"elementor-element elementor-element-32356d9 elementor-widget elementor-widget-text-editor\" data-id=\"32356d9\" data-element_type=\"widget\" data-e-type=\"widget\" data-widget_type=\"text-editor.default\">\n\t\t\t\t<div class=\"elementor-widget-container\">\n\t\t\t\t\t\t\t\t\t<div class=\"almost_half_cell\"><div dir=\"ltr\">Marchas: <strong>4 velocidades.<\/strong><\/div><div dir=\"ltr\">Potencia m\u00e1xima admitida: <strong>140 HP (104 KW)<\/strong><\/div><div dir=\"ltr\">Velocidad de entrada m\u00e1xima del motor: <strong>2.500 RPM<\/strong><\/div><div dir=\"ltr\">Torque m\u00e1ximo de entrada:<strong> 407 Nm (300 lb-ft)<\/strong><\/div><div dir=\"ltr\">Acople del Motor: <strong>SAE C &amp; D.<\/strong><\/div><\/div>\t\t\t\t\t\t\t\t<\/div>\n\t\t\t\t<\/div>\n\t\t\t\t\t<\/div>\n\t\t<\/div>\n\t\t\t\t\t<\/div>\n\t\t<\/section>\n\t\t\t\t<\/div>\n\t\t","protected":false},"excerpt":{"rendered":"<p>Transmisiones Hidrost\u00e1ticas FUNK Como distribuidor y centro de servicios autorizado, proveemos transmisiones para reposici\u00f3n, repuestos leg\u00edtimos y servicios de mantenimiento y reparaci\u00f3n para toda la gama de modelos de transmisiones hidrost\u00e1ticas FUNK fabricadas por John Deere. Las series de transmisiones hidrost\u00e1ticas Funk poseen sistemas de engranajes helicoidales de alto indice de contacto y son dise\u00f1adas [&hellip;]<\/p>\n","protected":false},"author":1,"featured_media":0,"parent":575,"menu_order":0,"comment_status":"closed","ping_status":"closed","template":"","meta":{"footnotes":""},"class_list":["post-617","page","type-page","status-publish","hentry"],"_links":{"self":[{"href":"https:\/\/www.turbo-service.com.ar\/index.php?rest_route=\/wp\/v2\/pages\/617","targetHints":{"allow":["GET"]}}],"collection":[{"href":"https:\/\/www.turbo-service.com.ar\/index.php?rest_route=\/wp\/v2\/pages"}],"about":[{"href":"https:\/\/www.turbo-service.com.ar\/index.php?rest_route=\/wp\/v2\/types\/page"}],"author":[{"embeddable":true,"href":"https:\/\/www.turbo-service.com.ar\/index.php?rest_route=\/wp\/v2\/users\/1"}],"replies":[{"embeddable":true,"href":"https:\/\/www.turbo-service.com.ar\/index.php?rest_route=%2Fwp%2Fv2%2Fcomments&post=617"}],"version-history":[{"count":79,"href":"https:\/\/www.turbo-service.com.ar\/index.php?rest_route=\/wp\/v2\/pages\/617\/revisions"}],"predecessor-version":[{"id":2009,"href":"https:\/\/www.turbo-service.com.ar\/index.php?rest_route=\/wp\/v2\/pages\/617\/revisions\/2009"}],"up":[{"embeddable":true,"href":"https:\/\/www.turbo-service.com.ar\/index.php?rest_route=\/wp\/v2\/pages\/575"}],"wp:attachment":[{"href":"https:\/\/www.turbo-service.com.ar\/index.php?rest_route=%2Fwp%2Fv2%2Fmedia&parent=617"}],"curies":[{"name":"wp","href":"https:\/\/api.w.org\/{rel}","templated":true}]}}