{"id":639,"date":"2020-12-19T11:22:05","date_gmt":"2020-12-19T14:22:05","guid":{"rendered":"https:\/\/www.turbo-service.com.ar\/?page_id=639"},"modified":"2023-03-23T00:13:27","modified_gmt":"2023-03-23T03:13:27","slug":"transmisiones-hidrostaticas-zf-es","status":"publish","type":"page","link":"https:\/\/www.turbo-service.com.ar\/?page_id=639","title":{"rendered":"Transmisiones hidrost\u00e1ticas ZF \u2013 ES"},"content":{"rendered":"\t\t<div data-elementor-type=\"wp-page\" data-elementor-id=\"639\" class=\"elementor elementor-639\">\n\t\t\t\t\t\t<section class=\"elementor-section elementor-top-section elementor-element elementor-element-30693777 elementor-section-full_width elementor-section-content-top elementor-section-stretched elementor-section-height-default elementor-section-height-default\" data-id=\"30693777\" data-element_type=\"section\" data-e-type=\"section\" data-settings=\"{&quot;background_background&quot;:&quot;classic&quot;,&quot;shape_divider_bottom&quot;:&quot;mountains&quot;,&quot;stretch_section&quot;:&quot;section-stretched&quot;}\">\n\t\t\t\t\t\t\t<div class=\"elementor-background-overlay\"><\/div>\n\t\t\t\t\t\t<div class=\"elementor-shape elementor-shape-bottom\" aria-hidden=\"true\" data-negative=\"false\">\n\t\t\t<svg xmlns=\"http:\/\/www.w3.org\/2000\/svg\" viewBox=\"0 0 1000 100\" preserveAspectRatio=\"none\">\n\t<path class=\"elementor-shape-fill\" opacity=\"0.33\" d=\"M473,67.3c-203.9,88.3-263.1-34-320.3,0C66,119.1,0,59.7,0,59.7V0h1000v59.7 c0,0-62.1,26.1-94.9,29.3c-32.8,3.3-62.8-12.3-75.8-22.1C806,49.6,745.3,8.7,694.9,4.7S492.4,59,473,67.3z\"\/>\n\t<path class=\"elementor-shape-fill\" opacity=\"0.66\" d=\"M734,67.3c-45.5,0-77.2-23.2-129.1-39.1c-28.6-8.7-150.3-10.1-254,39.1 s-91.7-34.4-149.2,0C115.7,118.3,0,39.8,0,39.8V0h1000v36.5c0,0-28.2-18.5-92.1-18.5C810.2,18.1,775.7,67.3,734,67.3z\"\/>\n\t<path class=\"elementor-shape-fill\" d=\"M766.1,28.9c-200-57.5-266,65.5-395.1,19.5C242,1.8,242,5.4,184.8,20.6C128,35.8,132.3,44.9,89.9,52.5C28.6,63.7,0,0,0,0 h1000c0,0-9.9,40.9-83.6,48.1S829.6,47,766.1,28.9z\"\/>\n<\/svg>\t\t<\/div>\n\t\t\t\t\t<div class=\"elementor-container elementor-column-gap-default\">\n\t\t\t\t\t<div class=\"aux-parallax-section elementor-column elementor-col-100 elementor-top-column elementor-element elementor-element-432f8ccf\" data-id=\"432f8ccf\" data-element_type=\"column\" data-e-type=\"column\">\n\t\t\t<div class=\"elementor-widget-wrap elementor-element-populated\">\n\t\t\t\t\t\t<div class=\"elementor-element elementor-element-54c5b650 elementor-widget elementor-widget-heading\" data-id=\"54c5b650\" data-element_type=\"widget\" data-e-type=\"widget\" data-widget_type=\"heading.default\">\n\t\t\t\t<div class=\"elementor-widget-container\">\n\t\t\t\t\t<h3 class=\"elementor-heading-title elementor-size-default\">Transmisiones hidrost\u00e1ticas ZF<\/h3>\t\t\t\t<\/div>\n\t\t\t\t<\/div>\n\t\t\t\t<div class=\"elementor-element elementor-element-9731c68 elementor-widget elementor-widget-text-editor\" data-id=\"9731c68\" data-element_type=\"widget\" data-e-type=\"widget\" data-widget_type=\"text-editor.default\">\n\t\t\t\t<div class=\"elementor-widget-container\">\n\t\t\t\t\t\t\t\t\t<p><b>Como distribuidor y centro de servicios autorizado, proveemos transmisiones para reposici\u00f3n, repuestos leg\u00edtimos y servicios de mantenimiento y reparaci\u00f3n para toda la gama de modelos de transminiones hidrost\u00e1ticas ZF.<br \/><\/b><\/p>\t\t\t\t\t\t\t\t<\/div>\n\t\t\t\t<\/div>\n\t\t\t\t\t<\/div>\n\t\t<\/div>\n\t\t\t\t\t<\/div>\n\t\t<\/section>\n\t\t\t\t<section class=\"elementor-section elementor-top-section elementor-element elementor-element-1da7b176 elementor-section-content-middle elementor-section-boxed elementor-section-height-default elementor-section-height-default\" data-id=\"1da7b176\" data-element_type=\"section\" data-e-type=\"section\">\n\t\t\t\t\t\t<div class=\"elementor-container elementor-column-gap-default\">\n\t\t\t\t\t<div class=\"aux-parallax-section elementor-column elementor-col-33 elementor-top-column elementor-element elementor-element-4bac9462\" data-id=\"4bac9462\" data-element_type=\"column\" data-e-type=\"column\">\n\t\t\t<div class=\"elementor-widget-wrap elementor-element-populated\">\n\t\t\t\t\t\t<div class=\"elementor-element elementor-element-1728c303 elementor-position-top elementor-widget elementor-widget-image-box\" data-id=\"1728c303\" data-element_type=\"widget\" data-e-type=\"widget\" data-widget_type=\"image-box.default\">\n\t\t\t\t<div class=\"elementor-widget-container\">\n\t\t\t\t\t<div class=\"elementor-image-box-wrapper\"><figure class=\"elementor-image-box-img\"><img fetchpriority=\"high\" decoding=\"async\" width=\"300\" height=\"300\" src=\"https:\/\/www.turbo-service.com.ar\/wp-content\/uploads\/2020\/12\/product_trans_hydro_zf_2hl.jpg\" class=\"elementor-animation-grow attachment-full size-full wp-image-285\" alt=\"\" srcset=\"https:\/\/www.turbo-service.com.ar\/wp-content\/uploads\/2020\/12\/product_trans_hydro_zf_2hl.jpg 300w, https:\/\/www.turbo-service.com.ar\/wp-content\/uploads\/2020\/12\/product_trans_hydro_zf_2hl-100x100.jpg 100w, https:\/\/www.turbo-service.com.ar\/wp-content\/uploads\/2020\/12\/product_trans_hydro_zf_2hl-200x200.jpg 200w, https:\/\/www.turbo-service.com.ar\/wp-content\/uploads\/2020\/12\/product_trans_hydro_zf_2hl-150x150.jpg 150w\" \/><\/figure><\/div>\t\t\t\t<\/div>\n\t\t\t\t<\/div>\n\t\t\t\t\t<\/div>\n\t\t<\/div>\n\t\t\t\t<div class=\"aux-parallax-section elementor-column elementor-col-66 elementor-top-column elementor-element elementor-element-47a0b8a6\" data-id=\"47a0b8a6\" data-element_type=\"column\" data-e-type=\"column\">\n\t\t\t<div class=\"elementor-widget-wrap elementor-element-populated\">\n\t\t\t\t\t\t<div class=\"elementor-element elementor-element-43a2c071 elementor-widget elementor-widget-heading\" data-id=\"43a2c071\" data-element_type=\"widget\" data-e-type=\"widget\" data-widget_type=\"heading.default\">\n\t\t\t\t<div class=\"elementor-widget-container\">\n\t\t\t\t\t<h4 class=\"elementor-heading-title elementor-size-default\">Transmisi\u00f3n serie 2HL<\/h4>\t\t\t\t<\/div>\n\t\t\t\t<\/div>\n\t\t\t\t<div class=\"elementor-element elementor-element-6b38bece elementor-widget elementor-widget-text-editor\" data-id=\"6b38bece\" data-element_type=\"widget\" data-e-type=\"widget\" data-widget_type=\"text-editor.default\">\n\t\t\t\t<div class=\"elementor-widget-container\">\n\t\t\t\t\t\t\t\t\t<p><span lang=\"es\">Poder y precisi\u00f3n combinados en un sistema compacto.<br \/>Las transmisiones se pueden montar en forma remota o directamente en el eje ZF.<\/span> <br \/><span lang=\"es\">Dise\u00f1ada para m\u00e1quinas con un par de tracci\u00f3n de 550 Nm a 950 Nm, la serie incluye los modelos HL-250, HL-270 y HL-290, que reemplazan los modelos HL-70 y HL-100. Hasta 25T.<br \/><\/span><\/p>\t\t\t\t\t\t\t\t<\/div>\n\t\t\t\t<\/div>\n\t\t\t\t\t<\/div>\n\t\t<\/div>\n\t\t\t\t\t<\/div>\n\t\t<\/section>\n\t\t\t\t<section class=\"elementor-section elementor-top-section elementor-element elementor-element-2717de02 elementor-section-content-middle elementor-section-boxed elementor-section-height-default elementor-section-height-default\" data-id=\"2717de02\" data-element_type=\"section\" data-e-type=\"section\">\n\t\t\t\t\t\t<div class=\"elementor-container elementor-column-gap-default\">\n\t\t\t\t\t<div class=\"aux-parallax-section elementor-column elementor-col-33 elementor-top-column elementor-element elementor-element-2e2e156\" data-id=\"2e2e156\" data-element_type=\"column\" data-e-type=\"column\">\n\t\t\t<div class=\"elementor-widget-wrap elementor-element-populated\">\n\t\t\t\t\t\t<div class=\"elementor-element elementor-element-1bfca03e elementor-position-top elementor-widget elementor-widget-image-box\" data-id=\"1bfca03e\" data-element_type=\"widget\" data-e-type=\"widget\" data-widget_type=\"image-box.default\">\n\t\t\t\t<div class=\"elementor-widget-container\">\n\t\t\t\t\t<div class=\"elementor-image-box-wrapper\"><figure class=\"elementor-image-box-img\"><img decoding=\"async\" width=\"300\" height=\"300\" src=\"https:\/\/www.turbo-service.com.ar\/wp-content\/uploads\/2020\/12\/product_trans_hydro_zf_2hc85.jpg\" class=\"elementor-animation-grow attachment-full size-full wp-image-286\" alt=\"\" srcset=\"https:\/\/www.turbo-service.com.ar\/wp-content\/uploads\/2020\/12\/product_trans_hydro_zf_2hc85.jpg 300w, https:\/\/www.turbo-service.com.ar\/wp-content\/uploads\/2020\/12\/product_trans_hydro_zf_2hc85-100x100.jpg 100w, https:\/\/www.turbo-service.com.ar\/wp-content\/uploads\/2020\/12\/product_trans_hydro_zf_2hc85-200x200.jpg 200w, https:\/\/www.turbo-service.com.ar\/wp-content\/uploads\/2020\/12\/product_trans_hydro_zf_2hc85-150x150.jpg 150w\" \/><\/figure><\/div>\t\t\t\t<\/div>\n\t\t\t\t<\/div>\n\t\t\t\t\t<\/div>\n\t\t<\/div>\n\t\t\t\t<div class=\"aux-parallax-section elementor-column elementor-col-66 elementor-top-column elementor-element elementor-element-3496a3fc\" data-id=\"3496a3fc\" data-element_type=\"column\" data-e-type=\"column\">\n\t\t\t<div class=\"elementor-widget-wrap elementor-element-populated\">\n\t\t\t\t\t\t<div class=\"elementor-element elementor-element-317e8d2a elementor-widget elementor-widget-heading\" data-id=\"317e8d2a\" data-element_type=\"widget\" data-e-type=\"widget\" data-widget_type=\"heading.default\">\n\t\t\t\t<div class=\"elementor-widget-container\">\n\t\t\t\t\t<h4 class=\"elementor-heading-title elementor-size-default\">Transmisi\u00f3n HYDROSTAR 2HC-85<\/h4>\t\t\t\t<\/div>\n\t\t\t\t<\/div>\n\t\t\t\t<div class=\"elementor-element elementor-element-17264fb1 elementor-widget elementor-widget-text-editor\" data-id=\"17264fb1\" data-element_type=\"widget\" data-e-type=\"widget\" data-widget_type=\"text-editor.default\">\n\t\t\t\t<div class=\"elementor-widget-container\">\n\t\t\t\t\t\t\t\t\t<p>Este sistema de transmisi\u00f3n con sensores y actuadores incorporados fue dise\u00f1ado para maquinaria de construcci\u00f3n de hasta 10T y permite una velocidad continua y variable de hasta 50 km\/h y no requiere componentes adicionales. La<span lang=\"es\"> transmisi\u00f3n puede montarse en forma remota o directamente en el eje r\u00edgido ZF MT-L3045\/55.<\/span><\/p>\t\t\t\t\t\t\t\t<\/div>\n\t\t\t\t<\/div>\n\t\t\t\t\t<\/div>\n\t\t<\/div>\n\t\t\t\t\t<\/div>\n\t\t<\/section>\n\t\t\t\t<\/div>\n\t\t","protected":false},"excerpt":{"rendered":"<p>Transmisiones hidrost\u00e1ticas ZF Como distribuidor y centro de servicios autorizado, proveemos transmisiones para reposici\u00f3n, repuestos leg\u00edtimos y servicios de mantenimiento y reparaci\u00f3n para toda la gama de modelos de transminiones hidrost\u00e1ticas ZF. Transmisi\u00f3n serie 2HL Poder y precisi\u00f3n combinados en un sistema compacto.Las transmisiones se pueden montar en forma remota o directamente en el eje [&hellip;]<\/p>\n","protected":false},"author":1,"featured_media":0,"parent":575,"menu_order":0,"comment_status":"closed","ping_status":"closed","template":"","meta":{"footnotes":""},"class_list":["post-639","page","type-page","status-publish","hentry"],"_links":{"self":[{"href":"https:\/\/www.turbo-service.com.ar\/index.php?rest_route=\/wp\/v2\/pages\/639","targetHints":{"allow":["GET"]}}],"collection":[{"href":"https:\/\/www.turbo-service.com.ar\/index.php?rest_route=\/wp\/v2\/pages"}],"about":[{"href":"https:\/\/www.turbo-service.com.ar\/index.php?rest_route=\/wp\/v2\/types\/page"}],"author":[{"embeddable":true,"href":"https:\/\/www.turbo-service.com.ar\/index.php?rest_route=\/wp\/v2\/users\/1"}],"replies":[{"embeddable":true,"href":"https:\/\/www.turbo-service.com.ar\/index.php?rest_route=%2Fwp%2Fv2%2Fcomments&post=639"}],"version-history":[{"count":16,"href":"https:\/\/www.turbo-service.com.ar\/index.php?rest_route=\/wp\/v2\/pages\/639\/revisions"}],"predecessor-version":[{"id":2024,"href":"https:\/\/www.turbo-service.com.ar\/index.php?rest_route=\/wp\/v2\/pages\/639\/revisions\/2024"}],"up":[{"embeddable":true,"href":"https:\/\/www.turbo-service.com.ar\/index.php?rest_route=\/wp\/v2\/pages\/575"}],"wp:attachment":[{"href":"https:\/\/www.turbo-service.com.ar\/index.php?rest_route=%2Fwp%2Fv2%2Fmedia&parent=639"}],"curies":[{"name":"wp","href":"https:\/\/api.w.org\/{rel}","templated":true}]}}